{"id":109,"date":"2020-01-30T23:07:57","date_gmt":"2020-01-30T22:07:57","guid":{"rendered":"https:\/\/fwprod.chris90.de\/?page_id=109"},"modified":"2025-08-24T22:01:43","modified_gmt":"2025-08-24T20:01:43","slug":"ueber-16-jahren","status":"publish","type":"page","link":"https:\/\/dev.feuerwehrwoerth.de\/index.php\/mitmachen\/ueber-16-jahren\/","title":{"rendered":"Erwachsene"},"content":{"rendered":"\n<h2 class=\"wp-block-heading\"><strong>Hilf uns \u2013 hilf Deinen Mitmenschen! \ud83d\ude92<\/strong><\/h2>\n\n\n\n<p>Die Freiwillige Feuerwehr W\u00f6rth am Rhein sucht neue Mitglieder.<\/p>\n\n\n\n<p>Du interessierst Dich f\u00fcr die Arbeit der Feuerwehr und m\u00f6chtest ein spannendes Hobby, bei dem Du in Notsituationen helfen kannst? Dann bist Du bei uns genau richtig!<\/p>\n\n\n\n<h3 class=\"wp-block-heading\"><strong>Wer kann mitmachen?<\/strong><\/h3>\n\n\n\n<ul class=\"wp-block-list\">\n<li>Wohnsitz oder Arbeitsstelle in W\u00f6rth am Rhein<\/li>\n\n\n\n<li>Alter zwischen 16-67 Jahre (f\u00fcr die aktive Einsatzmannschaft in Rheinland-Pfalz)<\/li>\n<\/ul>\n\n\n\n<h3 class=\"wp-block-heading\"><strong>Was Dich erwartet:<\/strong><\/h3>\n\n\n\n<p>Die Ausbildung ist abwechslungsreich und deckt viele spannende Bereiche ab, z. B.:<\/p>\n\n\n\n<ul class=\"wp-block-list\">\n<li>Erste Hilfe<\/li>\n\n\n\n<li>Technische Hilfe bei Verkehrsunf\u00e4llen<\/li>\n\n\n\n<li><a href=\"https:\/\/feuerwehrwoerth.de\/index.php\/facheinheiten\/facheinheit-atemschutz\/\" data-type=\"page\" data-id=\"2613\">Brandbek\u00e4mpfung<\/a> von festen, fl\u00fcssigen und gasf\u00f6rmigen Stoffen<\/li>\n\n\n\n<li>Eins\u00e4tze am und <a href=\"https:\/\/feuerwehrwoerth.de\/index.php\/facheinheiten\/wassergefahren\/\" data-type=\"page\" data-id=\"673\">auf dem Wasser<\/a><\/li>\n\n\n\n<li><a href=\"https:\/\/feuerwehrwoerth.de\/index.php\/facheinheiten\/drohne\/\" data-type=\"page\" data-id=\"2491\">Drohnenfliegen<\/a><\/li>\n\n\n\n<li>Mitarbeit in der <a href=\"https:\/\/feuerwehrwoerth.de\/index.php\/ueber-uns\/feuerwehrgeraetehaus\/fez\/\" data-type=\"page\" data-id=\"307\">Feuerwehreinsatzzentrale<\/a><\/li>\n\n\n\n<li>Arbeiten an und mit der <a href=\"https:\/\/feuerwehrwoerth.de\/index.php\/facheinheiten\/facheinheit-drehleiter\/\" data-type=\"page\" data-id=\"4076\">Drehleiter<\/a><\/li>\n\n\n\n<li>Klettern mit <a href=\"https:\/\/feuerwehrwoerth.de\/index.php\/facheinheiten\/absturzsicherung\/\" data-type=\"page\" data-id=\"655\">Absturzsicherung<\/a><\/li>\n<\/ul>\n\n\n\n<p>\ud83d\udc49 Wichtig: <strong>Niemand muss alles k\u00f6nnen!<\/strong><\/p>\n\n\n\n<p>Ob Innenangriff mit Atemschutz, Arbeiten in der H\u00f6he oder Aufgaben im Hintergrund \u2013 jeder bringt sich nach seinen F\u00e4higkeiten und Interessen ein.<\/p>\n\n\n\n<h3 class=\"wp-block-heading\"><strong>Dein Einstieg:<\/strong><\/h3>\n\n\n\n<ul class=\"wp-block-list\">\n<li>Mitgliedschaft ist <strong>kostenlos<\/strong><\/li>\n\n\n\n<li>Einsatzkleidung (Helm, Jacke, Hose, Schuhe, Handschuhe) wird gestellt<\/li>\n\n\n\n<li>Ein unverbindlicher Besuch bei einer \u00dcbung ist jederzeit m\u00f6glich<\/li>\n<\/ul>\n\n\n\n<p>\ud83d\udce9 Interesse?<\/p>\n\n\n\n<p>Komm bei einer unserer n\u00e4chsten <a href=\"https:\/\/feuerwehrwoerth.de\/index.php\/ueber-uns\/termine\/\" data-type=\"page\" data-id=\"69\">\u00dcbungen<\/a> vorbei oder nutze unser <a href=\"https:\/\/feuerwehrwoerth.de\/index.php\/kontakt\/\" data-type=\"page\" data-id=\"73\">Kontaktformular<\/a>.<\/p>\n\n\n\n<p>Wir freuen uns auf Dich \u2013 werde Teil unserer gro\u00dfen Feuerwehrfamilie!<\/p>\n\n\n\n<p>Und falls Du in einem der anderen Stadtteile wohnst oder arbeitest:<\/p>\n\n\n\n<p>Unsere Kameraden in <a href=\"https:\/\/feuerwehr-maximiliansau.de\/\">Maximiliansau<\/a>, <a href=\"http:\/\/feuerwehr-buechelberg.de\/\">B\u00fcchelberg<\/a> oder <a href=\"https:\/\/feuerwehr-schaidt.de\">Schaidt<\/a> freuen sich ebenfalls \u00fcber Verst\u00e4rkung.<\/p>\n\n\n\n<figure class=\"wp-block-image size-large\"><img loading=\"lazy\" decoding=\"async\" width=\"849\" height=\"1024\" src=\"https:\/\/feuerwehrwoerth.de\/wp-content\/uploads\/2021\/10\/kind-feuerwehr-agt-849x1024.png\" alt=\"\" class=\"wp-image-1871\" srcset=\"https:\/\/dev.feuerwehrwoerth.de\/wp-content\/uploads\/2021\/10\/kind-feuerwehr-agt-849x1024.png 849w, https:\/\/dev.feuerwehrwoerth.de\/wp-content\/uploads\/2021\/10\/kind-feuerwehr-agt-249x300.png 249w, https:\/\/dev.feuerwehrwoerth.de\/wp-content\/uploads\/2021\/10\/kind-feuerwehr-agt-768x926.png 768w, https:\/\/dev.feuerwehrwoerth.de\/wp-content\/uploads\/2021\/10\/kind-feuerwehr-agt.png 957w\" sizes=\"auto, (max-width: 849px) 100vw, 849px\" \/><\/figure>\n","protected":false},"excerpt":{"rendered":"<p>Hilf uns \u2013 hilf Deinen Mitmenschen! \ud83d\ude92 Die Freiwillige Feuerwehr W\u00f6rth am Rhein sucht neue Mitglieder. Du interessierst Dich f\u00fcr die Arbeit der Feuerwehr und m\u00f6chtest ein spannendes Hobby, bei dem Du in Notsituationen helfen kannst? Dann bist Du bei uns genau richtig! Wer kann mitmachen? Was Dich erwartet: Die Ausbildung ist abwechslungsreich und deckt [&hellip;]<\/p>\n","protected":false},"author":2,"featured_media":2025,"parent":107,"menu_order":0,"comment_status":"closed","ping_status":"closed","template":"","meta":{"advgb_blocks_editor_width":"","advgb_blocks_columns_visual_guide":"","ngg_post_thumbnail":0,"footnotes":""},"class_list":["post-109","page","type-page","status-publish","has-post-thumbnail","hentry"],"coauthors":[],"author_meta":{"author_link":"https:\/\/dev.feuerwehrwoerth.de\/index.php\/author\/tobias\/","display_name":"Tobias"},"relative_dates":{"created":"Posted 6\u00a0Jahren ago","modified":"Updated 9\u00a0Monaten ago"},"absolute_dates":{"created":"Posted on 30. Januar 2020","modified":"Updated on 24. August 2025"},"absolute_dates_time":{"created":"Posted on 30. Januar 2020 23:07","modified":"Updated on 24. August 2025 22:01"},"featured_img_caption":"","featured_img":"https:\/\/dev.feuerwehrwoerth.de\/wp-content\/uploads\/2021\/10\/beitragsbild-pkwbrand-feuerwehr.png","series_order":"","_links":{"self":[{"href":"https:\/\/dev.feuerwehrwoerth.de\/index.php\/wp-json\/wp\/v2\/pages\/109","targetHints":{"allow":["GET"]}}],"collection":[{"href":"https:\/\/dev.feuerwehrwoerth.de\/index.php\/wp-json\/wp\/v2\/pages"}],"about":[{"href":"https:\/\/dev.feuerwehrwoerth.de\/index.php\/wp-json\/wp\/v2\/types\/page"}],"author":[{"embeddable":true,"href":"https:\/\/dev.feuerwehrwoerth.de\/index.php\/wp-json\/wp\/v2\/users\/2"}],"replies":[{"embeddable":true,"href":"https:\/\/dev.feuerwehrwoerth.de\/index.php\/wp-json\/wp\/v2\/comments?post=109"}],"version-history":[{"count":22,"href":"https:\/\/dev.feuerwehrwoerth.de\/index.php\/wp-json\/wp\/v2\/pages\/109\/revisions"}],"predecessor-version":[{"id":7552,"href":"https:\/\/dev.feuerwehrwoerth.de\/index.php\/wp-json\/wp\/v2\/pages\/109\/revisions\/7552"}],"up":[{"embeddable":true,"href":"https:\/\/dev.feuerwehrwoerth.de\/index.php\/wp-json\/wp\/v2\/pages\/107"}],"wp:featuredmedia":[{"embeddable":true,"href":"https:\/\/dev.feuerwehrwoerth.de\/index.php\/wp-json\/wp\/v2\/media\/2025"}],"wp:attachment":[{"href":"https:\/\/dev.feuerwehrwoerth.de\/index.php\/wp-json\/wp\/v2\/media?parent=109"}],"curies":[{"name":"wp","href":"https:\/\/api.w.org\/{rel}","templated":true}]}}