{"id":160,"date":"2020-12-10T00:05:03","date_gmt":"2020-12-09T23:05:03","guid":{"rendered":"https:\/\/feuerwehrwoerth.de\/wordpress\/?page_id=160"},"modified":"2025-09-15T22:49:47","modified_gmt":"2025-09-15T20:49:47","slug":"hlf-20-16","status":"publish","type":"page","link":"https:\/\/dev.feuerwehrwoerth.de\/index.php\/ueber-uns\/fahrzeuge\/hlf-20-16\/","title":{"rendered":"1\/46\/1 &#8211; HLF 20\/16 (2008)"},"content":{"rendered":"\n<figure class=\"wp-block-image size-large\"><img loading=\"lazy\" decoding=\"async\" width=\"1024\" height=\"576\" src=\"https:\/\/feuerwehrwoerth.de\/wp-content\/uploads\/2022\/01\/hlf20-seitezu-1024x576.jpg\" alt=\"\" class=\"wp-image-3018\"\/><\/figure>\n\n\n\n<h2 class=\"wp-block-heading\">Fahrzeug-Steckbrief<\/h2>\n\n\n\n<div class=\"wp-block-group advgb-dyn-f2a6aa86\"><div class=\"wp-block-group__inner-container is-layout-flow wp-block-group-is-layout-flow\">\n<div class=\"wp-block-columns is-layout-flex wp-container-core-columns-is-layout-9d6595d7 wp-block-columns-is-layout-flex\">\n<div class=\"wp-block-column is-layout-flow wp-block-column-is-layout-flow\" style=\"flex-basis:100%\">\n<div class=\"wp-block-group advgb-dyn-ac567526\"><div class=\"wp-block-group__inner-container is-layout-flow wp-block-group-is-layout-flow\">\n<figure class=\"wp-block-table is-style-stripes\"><table  class=\" table table-hover\" ><tbody><tr><td>Fahrzeugtyp<\/td><td>Hilfeleistungsl\u00f6schgruppenfahrzeug (HLF) 20\/16<\/td><\/tr><tr><td>Fahrzeughersteller<\/td><td>Mercedes-Benz<\/td><\/tr><tr><td>Modell<\/td><td>Atego 1529 AF<\/td><\/tr><tr><td>Leistung<\/td><td>210 kW<\/td><\/tr><tr><td>Hubraum<\/td><td>6.374 ccm<\/td><\/tr><tr><td>Ma\u00dfe (LxBxH)<\/td><td>8.400 x 2.500 x 3.300 mm<\/td><\/tr><tr><td>Gewicht (zGG)<\/td><td>14.500 kg<\/td><\/tr><tr><td>Aufbau<\/td><td>Rosenbauer<\/td><\/tr><tr><td>Baujahr<\/td><td>2008<\/td><\/tr><tr><td>Funkrufname<\/td><td>Florian W\u00f6rth 1\/46<\/td><\/tr><tr><td>Besatzung<\/td><td>Gruppe (0\/1\/8\/<u>9<\/u>)<\/td><\/tr><tr><td>Einsatzgebiet<\/td><td>Brandbek\u00e4mpfung und technische Hilfeleistung<\/td><\/tr><tr><td>Wassertank<\/td><td>2.000 Liter<\/td><\/tr><tr><td>Pumpe<\/td><td>FPN 10-2000&nbsp;(<a class=\"ek-link\" href=\"https:\/\/de.wikipedia.org\/wiki\/Feuerl%C3%B6schpumpe#Klassifizierung_von_Feuerl%C3%B6schpumpen\">Feuerl\u00f6schkreiselpumpe<\/a> f\u00fcr Normaldruck mit einem Nennf\u00f6rderstrom von 2.000&nbsp;l\/min bei einem Nennf\u00f6rderdruck von 10&nbsp;bar)<\/td><\/tr><\/tbody><\/table><\/figure>\n\n\n\n<p><\/p>\n<\/div><\/div>\n<\/div>\n<\/div>\n<\/div><\/div>\n\n\n\n<div class=\"wp-block-group advgb-dyn-f2a6aa86\"><div class=\"wp-block-group__inner-container is-layout-flow wp-block-group-is-layout-flow\">\nngg_shortcode_0_placeholder\n<\/div><\/div>\n","protected":false},"excerpt":{"rendered":"<p>Fahrzeug-Steckbrief Fahrzeugtyp Hilfeleistungsl\u00f6schgruppenfahrzeug (HLF) 20\/16 Fahrzeughersteller Mercedes-Benz Modell Atego 1529 AF Leistung 210 kW Hubraum 6.374 ccm Ma\u00dfe (LxBxH) 8.400 x 2.500 x 3.300 mm Gewicht (zGG) 14.500 kg Aufbau Rosenbauer Baujahr 2008 Funkrufname Florian W\u00f6rth 1\/46 Besatzung Gruppe (0\/1\/8\/9) Einsatzgebiet Brandbek\u00e4mpfung und technische Hilfeleistung Wassertank 2.000 Liter Pumpe FPN 10-2000&nbsp;(Feuerl\u00f6schkreiselpumpe f\u00fcr Normaldruck mit einem [&hellip;]<\/p>\n","protected":false},"author":2,"featured_media":0,"parent":158,"menu_order":0,"comment_status":"closed","ping_status":"closed","template":"","meta":{"advgb_blocks_editor_width":"","advgb_blocks_columns_visual_guide":"","ngg_post_thumbnail":0,"footnotes":""},"class_list":["post-160","page","type-page","status-publish","hentry"],"coauthors":[],"author_meta":{"author_link":"https:\/\/dev.feuerwehrwoerth.de\/index.php\/author\/tobias\/","display_name":"Tobias"},"relative_dates":{"created":"Posted 5\u00a0Jahren ago","modified":"Updated 8\u00a0Monaten ago"},"absolute_dates":{"created":"Posted on 10. Dezember 2020","modified":"Updated on 15. September 2025"},"absolute_dates_time":{"created":"Posted on 10. Dezember 2020 0:05","modified":"Updated on 15. September 2025 22:49"},"featured_img_caption":"","featured_img":false,"series_order":"","_links":{"self":[{"href":"https:\/\/dev.feuerwehrwoerth.de\/index.php\/wp-json\/wp\/v2\/pages\/160","targetHints":{"allow":["GET"]}}],"collection":[{"href":"https:\/\/dev.feuerwehrwoerth.de\/index.php\/wp-json\/wp\/v2\/pages"}],"about":[{"href":"https:\/\/dev.feuerwehrwoerth.de\/index.php\/wp-json\/wp\/v2\/types\/page"}],"author":[{"embeddable":true,"href":"https:\/\/dev.feuerwehrwoerth.de\/index.php\/wp-json\/wp\/v2\/users\/2"}],"replies":[{"embeddable":true,"href":"https:\/\/dev.feuerwehrwoerth.de\/index.php\/wp-json\/wp\/v2\/comments?post=160"}],"version-history":[{"count":31,"href":"https:\/\/dev.feuerwehrwoerth.de\/index.php\/wp-json\/wp\/v2\/pages\/160\/revisions"}],"predecessor-version":[{"id":7714,"href":"https:\/\/dev.feuerwehrwoerth.de\/index.php\/wp-json\/wp\/v2\/pages\/160\/revisions\/7714"}],"up":[{"embeddable":true,"href":"https:\/\/dev.feuerwehrwoerth.de\/index.php\/wp-json\/wp\/v2\/pages\/158"}],"wp:attachment":[{"href":"https:\/\/dev.feuerwehrwoerth.de\/index.php\/wp-json\/wp\/v2\/media?parent=160"}],"curies":[{"name":"wp","href":"https:\/\/api.w.org\/{rel}","templated":true}]}}