{"id":1903,"date":"2021-10-07T11:27:44","date_gmt":"2021-10-07T09:27:44","guid":{"rendered":"https:\/\/feuerwehrwoerth.de\/?page_id=1903"},"modified":"2021-10-25T23:31:52","modified_gmt":"2021-10-25T21:31:52","slug":"buergerinformationen","status":"publish","type":"page","link":"https:\/\/dev.feuerwehrwoerth.de\/index.php\/buergerinformationen\/","title":{"rendered":"B\u00fcrgerinformationen"},"content":{"rendered":"\n<p>Ihre Sicherheit ist unser Ziel. In zahlreichen Ausbildungseinheiten trainieren wir die Fertigkeiten des Feuerwehrwesens, um sie im Einsatzfall anwenden zu k\u00f6nnen. Auf dieser Seite wollen wir Sie mit pr\u00e4ventiven Ma\u00dfnahmen unterst\u00fctzen, dass es erst gar nicht so weit kommt.<\/p>\n\n\n\n<p><\/p>\n\n\n\n<div class=\"wp-block-advgb-button alignnone\"><a class=\"wp-block-advgb-button_link advgbbtn-f1920a6c-97c4-4a27-bffd-6ab8048bd893\" href=\"https:\/\/feuerwehrwoerth.de\/index.php\/buergerinformationen\/irrtuemer-zur-feuerwehr\/\" target=\"_self\" rel=\"noopener noreferrer\">Irrt\u00fcmer \u00fcber die Feuerwehr<\/a><\/div>\n\n\n\n<p><\/p>\n\n\n\n<div class=\"wp-block-advgb-button alignnone\"><a class=\"wp-block-advgb-button_link advgbbtn-ffd2ed14-a84d-4d5e-b3ae-70e177c13895\" href=\"https:\/\/feuerwehrwoerth.de\/index.php\/buergerinformationen\/warum-martinshorn-bei-nacht\/\" target=\"_self\" rel=\"noopener noreferrer\">Warum Martinshorn bei Nacht?<\/a><\/div>\n\n\n\n<p><\/p>\n\n\n\n<div class=\"wp-block-advgb-button alignnone\"><a class=\"wp-block-advgb-button_link advgbbtn-efdf7cd9-99b5-485c-8a23-af994fd0c101\" href=\"https:\/\/feuerwehrwoerth.de\/index.php\/buergerinformationen\/informationen-zu-rauchmeldern\/\" target=\"_self\" rel=\"noopener noreferrer\">Informationen zu Rauchmeldern<\/a><\/div>\n\n\n\n<p><\/p>\n\n\n\n<div class=\"wp-block-advgb-button alignnone\"><a class=\"wp-block-advgb-button_link advgbbtn-8678f6bd-d93f-4bc4-8ebe-63cc2987b275\" href=\"https:\/\/feuerwehrwoerth.de\/index.php\/silvesterfeuerwerk\/\" target=\"_self\" rel=\"noopener noreferrer\">Informationen zu Silvesterfeuerwerk<\/a><\/div>\n\n\n\n<p><\/p>\n\n\n\n<div class=\"wp-block-advgb-button alignnone\"><a class=\"wp-block-advgb-button_link advgbbtn-114b3d01-1eca-4b4c-b5ac-10c5572ac1b4\" href=\"https:\/\/feuerwehrwoerth.de\/index.php\/buergerinformationen\/weihnachten\/\" target=\"_self\" rel=\"noopener noreferrer\">Informationen zur Weihnachtszeit<\/a><\/div>\n\n\n\n<p><\/p>\n\n\n\n<div class=\"wp-block-advgb-button alignnone\"><a class=\"wp-block-advgb-button_link advgbbtn-8f622290-9235-4ca9-8e40-3a6c012cfc6a\" href=\"https:\/\/feuerwehrwoerth.de\/index.php\/buergerinformationen\/vegetationsbraende\/\" target=\"_self\" rel=\"noopener noreferrer\">Informationen zu Vegetationsbr\u00e4nden<\/a><\/div>\n<style class=\"advgb-styles-renderer\">.advgbbtn-f1920a6c-97c4-4a27-bffd-6ab8048bd893{font-size:18px;color:#fff !important;background-color:#cf2e2e !important;margin:0px 0px 0px 0px !important;padding:10px 30px 10px 30px;border-width:1px !important;border-style:none;border-radius:50px !important;}.advgbbtn-f1920a6c-97c4-4a27-bffd-6ab8048bd893:hover{box-shadow:1px 1px 12px 0px #ccc;opacity:1;transition:all 0.2s ease;}.advgbbtn-f1920a6c-97c4-4a27-bffd-6ab8048bd893 > i {display: none !important;}.advgbbtn-ffd2ed14-a84d-4d5e-b3ae-70e177c13895{font-size:18px;color:#fff !important;background-color:#cf2e2e !important;margin:0px 0px 0px 0px !important;padding:10px 30px 10px 30px;border-width:1px !important;border-style:none;border-radius:50px !important;}.advgbbtn-ffd2ed14-a84d-4d5e-b3ae-70e177c13895:hover{box-shadow:1px 1px 12px 0px #ccc;opacity:1;transition:all 0.2s ease;}.advgbbtn-ffd2ed14-a84d-4d5e-b3ae-70e177c13895 > i {display: none !important;}.advgbbtn-efdf7cd9-99b5-485c-8a23-af994fd0c101{font-size:18px;color:#fff !important;background-color:#cf2e2e !important;margin:0px 0px 0px 0px !important;padding:10px 30px 10px 30px;border-width:1px !important;border-style:none;border-radius:50px !important;}.advgbbtn-efdf7cd9-99b5-485c-8a23-af994fd0c101:hover{box-shadow:1px 1px 12px 0px #ccc;opacity:1;transition:all 0.2s ease;}.advgbbtn-efdf7cd9-99b5-485c-8a23-af994fd0c101 > i {display: none !important;}.advgbbtn-8678f6bd-d93f-4bc4-8ebe-63cc2987b275{font-size:18px;color:#fff !important;background-color:#cf2e2e !important;margin:0px 0px 0px 0px !important;padding:10px 30px 10px 30px;border-width:1px !important;border-style:none;border-radius:50px !important;}.advgbbtn-8678f6bd-d93f-4bc4-8ebe-63cc2987b275:hover{box-shadow:1px 1px 12px 0px #ccc;opacity:1;transition:all 0.2s ease;}.advgbbtn-8678f6bd-d93f-4bc4-8ebe-63cc2987b275 > i {display: none !important;}.advgbbtn-114b3d01-1eca-4b4c-b5ac-10c5572ac1b4{font-size:18px;color:#fff !important;background-color:#cf2e2e !important;margin:0px 0px 0px 0px !important;padding:10px 30px 10px 30px;border-width:1px !important;border-style:none;border-radius:50px !important;}.advgbbtn-114b3d01-1eca-4b4c-b5ac-10c5572ac1b4:hover{box-shadow:1px 1px 12px 0px #ccc;opacity:1;transition:all 0.2s ease;}.advgbbtn-114b3d01-1eca-4b4c-b5ac-10c5572ac1b4 > i {display: none !important;}.advgbbtn-8f622290-9235-4ca9-8e40-3a6c012cfc6a{font-size:18px;color:#fff !important;background-color:#cf2e2e !important;margin:0px 0px 0px 0px !important;padding:10px 30px 10px 30px;border-width:1px !important;border-style:none;border-radius:50px !important;}.advgbbtn-8f622290-9235-4ca9-8e40-3a6c012cfc6a:hover{box-shadow:1px 1px 12px 0px #ccc;opacity:1;transition:all 0.2s ease;}.advgbbtn-8f622290-9235-4ca9-8e40-3a6c012cfc6a > i {display: none !important;}<\/style>","protected":false},"excerpt":{"rendered":"<p>Ihre Sicherheit ist unser Ziel. In zahlreichen Ausbildungseinheiten trainieren wir die Fertigkeiten des Feuerwehrwesens, um sie im Einsatzfall anwenden zu k\u00f6nnen. Auf dieser Seite wollen wir Sie mit pr\u00e4ventiven Ma\u00dfnahmen unterst\u00fctzen, dass es erst gar nicht so weit kommt.<\/p>\n","protected":false},"author":1,"featured_media":0,"parent":0,"menu_order":0,"comment_status":"closed","ping_status":"closed","template":"","meta":{"advgb_blocks_editor_width":"","advgb_blocks_columns_visual_guide":"","ngg_post_thumbnail":0,"footnotes":""},"class_list":["post-1903","page","type-page","status-publish","hentry"],"coauthors":[],"author_meta":{"author_link":"https:\/\/dev.feuerwehrwoerth.de\/index.php\/author\/chris\/","display_name":"Christian"},"relative_dates":{"created":"Posted 5\u00a0Jahren ago","modified":"Updated 5\u00a0Jahren ago"},"absolute_dates":{"created":"Posted on 7. Oktober 2021","modified":"Updated on 25. Oktober 2021"},"absolute_dates_time":{"created":"Posted on 7. Oktober 2021 11:27","modified":"Updated on 25. Oktober 2021 23:31"},"featured_img_caption":"","featured_img":false,"series_order":"","_links":{"self":[{"href":"https:\/\/dev.feuerwehrwoerth.de\/index.php\/wp-json\/wp\/v2\/pages\/1903","targetHints":{"allow":["GET"]}}],"collection":[{"href":"https:\/\/dev.feuerwehrwoerth.de\/index.php\/wp-json\/wp\/v2\/pages"}],"about":[{"href":"https:\/\/dev.feuerwehrwoerth.de\/index.php\/wp-json\/wp\/v2\/types\/page"}],"author":[{"embeddable":true,"href":"https:\/\/dev.feuerwehrwoerth.de\/index.php\/wp-json\/wp\/v2\/users\/1"}],"replies":[{"embeddable":true,"href":"https:\/\/dev.feuerwehrwoerth.de\/index.php\/wp-json\/wp\/v2\/comments?post=1903"}],"version-history":[{"count":15,"href":"https:\/\/dev.feuerwehrwoerth.de\/index.php\/wp-json\/wp\/v2\/pages\/1903\/revisions"}],"predecessor-version":[{"id":2216,"href":"https:\/\/dev.feuerwehrwoerth.de\/index.php\/wp-json\/wp\/v2\/pages\/1903\/revisions\/2216"}],"wp:attachment":[{"href":"https:\/\/dev.feuerwehrwoerth.de\/index.php\/wp-json\/wp\/v2\/media?parent=1903"}],"curies":[{"name":"wp","href":"https:\/\/api.w.org\/{rel}","templated":true}]}}