{"id":2258,"date":"2021-10-27T19:03:06","date_gmt":"2021-10-27T17:03:06","guid":{"rendered":"https:\/\/feuerwehrwoerth.de\/?page_id=2258"},"modified":"2021-10-28T15:48:32","modified_gmt":"2021-10-28T13:48:32","slug":"chronik-kapitel-2-gruendung-und-anfangsjahre","status":"publish","type":"page","link":"https:\/\/dev.feuerwehrwoerth.de\/index.php\/ueber-uns\/chronik\/chronik-kapitel-2-gruendung-und-anfangsjahre\/","title":{"rendered":"Kapitel 2: Gr\u00fcndung und Anfangsjahre"},"content":{"rendered":"\n<h3 class=\"wp-block-heading\" id=\"cc-m-header-8637751197\">Gr\u00fcndungsmitglieder &#8211; Die erste Mannschaft<\/h3>\n\n\n\n<p><em>Anfang 1956 forderte die Gemeindeverwaltung zur Mitarbeit in einer Freiwilligen Feuerwehr auf, zu der sich bis Mitte Mai 35 M\u00e4nner gemeldet hatten. Vom Gemeinderat dazu erm\u00e4chtigt, hielt B\u00fcrgermeister B\u00f6rckel am 16. Juni 1956 im Nebenzimmer seiner Gastst\u00e4tte \u201eZur Krone&#8220; die Gr\u00fcndungsversammlung ab.<\/em><\/p>\n\n\n\n<p><em>Die erste \u00dcbung der Freiwilligen Feuerwehr W\u00f6rth wurde am 24.6.1956 auf dem Dammschulplatz um 5.30 Uhr abgehalten.<\/em><\/p>\n\n\n\n<p>Folgende M\u00e4nner waren zur Mitarbeit in der Freiwilligen Feuerwehr bereit:<\/p>\n\n\n\n<figure class=\"wp-block-table is-style-stripes\"><table  class=\"has-fixed-layout table table-hover\" ><tbody><tr><td>B\u00f6rckel Karl (aus der Pflichtwehr) <\/td><td>Pfirrmann Gerhard I<\/td><\/tr><tr><td>B\u00f6rckel Willi<\/td><td>Pfirrmann Gerhard II<\/td><\/tr><tr><td>Damminger Ludwig (aus der Pflichtwehr)<\/td><td>Pfirrmann Horst (aus der Pflichtwehr)<\/td><\/tr><tr><td>Decker Karl<\/td><td>Pfirrmann Hugo<\/td><\/tr><tr><td>Herrmann Josef<\/td><td>Pfirrmann Guido (aus der Pflichtwehr)<\/td><\/tr><tr><td>Hoock Walter<\/td><td>Pfirrmann Karl Konrad<\/td><\/tr><tr><td>Kahlert Karl<\/td><td>Pfirrmann Severin (aus der Pflichtwehr)<\/td><\/tr><tr><td>Karcher Erwin (aus der Pflichtwehr)<\/td><td>Pfirrmann Theo<\/td><\/tr><tr><td>Kauter Hans (aus der Pflichtwehr)<\/td><td>Rabenstein Theodor<\/td><\/tr><tr><td>Kreitmann Werner (aus der Pflichtwehr)<\/td><td>Schmuck Alois (aus der Pflichtwehr)<\/td><\/tr><tr><td>Kuhn G\u00fcnther<\/td><td>Schmuck Eugen<\/td><\/tr><tr><td>Kuhn Ludwig (aus der Pflichtwehr)<\/td><td>Starck Alois<\/td><\/tr><tr><td>Kuntz Erich (aus der Pflichtwehr)<\/td><td>St\u00f6ffler Walter<\/td><\/tr><tr><td>Kuntz Wolfgang (aus der Pflichtwehr)<\/td><td>W\u00e4rther Hugo<\/td><\/tr><tr><td>Martin Ludwig Emil (aus der Pflichtwehr)<\/td><td>Wilhelm \u00c4gidius (aus der Pflichtwehr)<\/td><\/tr><tr><td>Pfirrmann Erwin<\/td><td>Winstel Alfons<\/td><\/tr><tr><td>Pfirrmann Felix (aus der Pflichtwehr)<\/td><td>W\u00f6schler Alois<\/td><\/tr><\/tbody><\/table><\/figure>\n\n\n\n<hr class=\"wp-block-separator\"\/>\n\n\n\n<h3 class=\"wp-block-heading\" id=\"cc-m-header-8637763997\">Abschrift der Niederschrift \u00fcber die Gr\u00fcndungsversammlung am 16.06.1956<\/h3>\n\n\n\n<p><em>Niederschrift \u00fcber die Gr\u00fcndungsversammlung der Freiwilligen Feuerwehr W\u00f6rth am 16.6.1956 um 21 Uhr im Gasthaus zur Krone.<\/em><\/p>\n\n\n\n<p>Anwesend: B\u00fcrgermeister B\u00f6rckel, Gde.Oberinspektor St\u00f6ffler, Hermann W\u00f6schler, Kommandant der Pflichtfeuerwehr W\u00f6rth und 34 Personen lt. beil. Anwesenheitsliste. Nach wiederholter \u00f6ffentlicher Bekanntmachung durch die<\/p>\n\n\n\n<p>Ortsrufanlage haben sich 35 Personen f\u00fcr den Eintritt in eine freiwillige Feuerwehr gemeldet. Daraufhin wurden durch die Gemeindeverwaltung W\u00f6rth am Rhein diese Personen zu der heutigen Versammlung eingeladen. Nach Feststellung der anwesenden Personen nahm die Versammlung folgenden Verlauf:<\/p>\n\n\n\n<p><strong>1.<\/strong>&nbsp;B\u00fcrgermeister B\u00f6rckel begr\u00fc\u00dfte die Anwesenden und gab seiner Freude dar\u00fcber Ausdruck, dass sich so viele junge M\u00e4nner bereit gefunden haben, eine freiwillige Feuerwehr zu gr\u00fcnden, also eine Einrichtung, die sich freiwillig die Pflicht auferlegt, das durch die Gewalt der Elemente bedrohte Leben und Eigentum der Einwohner unserer Gemeinde zu sch\u00fctzen und zu retten. Er begl\u00fcckw\u00fcnschte die Anwesenden zu dieser im Allgemeininteresse liegenden idealen Gesinnung und gab gleichzeitig die Versicherung ab, dass die freiwillige Feuerwehr nach ihrer Gr\u00fcndung nach jeder Richtung hin der Unterst\u00fctzung und F\u00f6rderung der Gemeindeverwaltung gewiss sein kann. So wird auch in Bezug auf Ausstattung mit Ger\u00e4t und Ausr\u00fcstung der Wehrangeh\u00f6rigen alles Erforderliche veranlasst. Anschliessend gibt B\u00fcrgermeister B\u00f6rckel in diesem Zusammenhang den Beschluss der Gemeindevertretung vom 29.5.1956 bekannt, der lautet:<\/p>\n\n\n\n<p>Der Gemeinderat wird davon in Kenntnis gesetzt, dass sich auf die wiederholten Aufforderungen durch die Ortsrufanlage insgesamt 35 Personen f\u00fcr die neuzugr\u00fcndende freiwillige Feuerwehr gemeldet haben. Damit ist die Aufstellung einer freiwilligen Feuerwehr m\u00f6glich. Der Gemeinderat beschlie\u00dft hierzu einstimmig:<\/p>\n\n\n\n<p>a) Der B\u00fcrgermeister wird beauftragt, die Aufstellung einer freiwilligen Feuerwehr zu veranlassen. Diese soll die im Landesgesetz \u00fcber das Brandschutzwesen vom 11. Mai 1949 festgelegten Aufgaben der Gemeindefeuerwehr \u00fcbernehmen.<\/p>\n\n\n\n<p>b) Nach Aufstellung der freiwilligen Feuerwehr wird der Kameradschaftskasse der im Haushaltsplan f\u00fcr 1956 vorgesehene Beitrag in H\u00f6he von DM 200.- zugewiesen.<\/p>\n\n\n\n<p>c) Der B\u00fcrgermeister wird erm\u00e4chtigt, die noch ben\u00f6tigte Dienstkleidung und Ausr\u00fcstung sowie notwendige Ger\u00e4tschaften im Rahmen der im Haushaltsplan f\u00fcr 1956 vorgesehenen Mittel anzuschaffen.<\/p>\n\n\n\n<p><strong>2.<\/strong>&nbsp;Gde.O.Insp. St\u00f6ffler gab einen kurzen \u00dcberblick \u00fcber die Bestimmungen des Brandschutzgesetzes und das Brandschutzwesen allgemein.<\/p>\n\n\n\n<p><strong>3.<\/strong>&nbsp;Darauf erfolgte eine Abstimmung \u00fcber die Gr\u00fcndung einer freiwilligen Feuerwehr W\u00f6rth am Rhein, wobei sich alle Anwesenden einstimmig zu der Gr\u00fcndung bekannten. Anschlie\u00dfend wurde festgestellt, dass damit die Freiwillige Feuerwehr W\u00f6rth am Rhein gegr\u00fcndet ist. Dann wurde ein Entwurf der Satzung besprochen und einstimmig angenommen. Die Satzung gilt somit als erlassen.<\/p>\n\n\n\n<p><strong>4.<\/strong>&nbsp;Bei der anschlie\u00dfenden Wahl wurde auf Grund der Satzungsbestimmungen gew\u00e4hlt:<\/p>\n\n\n\n<p>a) Kommandant und Vorstand der Wehr: Hugo Pfirrmann<\/p>\n\n\n\n<p>b) Stellvertreter: Ludwig Kuhn<\/p>\n\n\n\n<p>c) Schriftf\u00fchrer und Kassenwart: Hans Kauter<\/p>\n\n\n\n<p>d) Ger\u00e4tewart: Karl Decker<\/p>\n\n\n\n<p>(Gehilfe Walter St\u00f6ffler)<\/p>\n\n\n\n<p><em>und<\/em>&nbsp;Beisitzer: Felix Pfirrmann<strong>,<\/strong>&nbsp;Severin Pfirrmann<\/p>\n\n\n\n<p><strong>5.<\/strong>&nbsp;Verpflichtung der Wehrangeh\u00f6rigen: S\u00e4mtliche Anwesenden unterzeichneten den Verpflichtungsschein f\u00fcr die freiwillige Feuerwehr.<\/p>\n\n\n\n<p><strong>6.<\/strong>&nbsp;Mit einem kurzen Appel an die neu gew\u00e4hlte Vorstandschaft und auch an alle Angeh\u00f6rigen der neu gew\u00e4hlten Freiwilligen Feuerwehr W\u00f6rth, die von der Wehr \u00fcbernommene Aufgabe zum Wohle der Allgemeinheit gewissenhaft zu erf\u00fcllen, schloss B\u00fcrgermeister B\u00f6rckel die Versammlung.<\/p>\n\n\n\n<hr class=\"wp-block-separator\"\/>\n\n\n\n<h3 class=\"wp-block-heading\" id=\"cc-m-header-8637811997\">Anwesenheitsliste bei der Gr\u00fcndungsversammlung<\/h3>\n\n\n\n<p>&#8230;bei der Gr\u00fcndungsversammlung der Freiwilligen Feuerwehr W\u00f6rth a. Rhein am 16.6.1956, 21 Uhr im Gasthaus \u201eZur Krone&#8220;:<\/p>\n\n\n\n<figure class=\"wp-block-gallery columns-2 wp-block-gallery-1\"><ul class=\"blocks-gallery-grid\"><li class=\"blocks-gallery-item\"><figure><img loading=\"lazy\" decoding=\"async\" width=\"504\" height=\"583\" src=\"https:\/\/feuerwehrwoerth.de\/wp-content\/uploads\/2021\/10\/Anwesenheit1.jpg\" alt=\"\" data-id=\"2291\" data-full-url=\"https:\/\/feuerwehrwoerth.de\/wp-content\/uploads\/2021\/10\/Anwesenheit1.jpg\" data-link=\"https:\/\/feuerwehrwoerth.de\/index.php\/ueber-uns\/chronik\/chronik-kapitel-2-die-gruendung-der-freiwilligen-feuerwehr\/anwesenheit1\/\" class=\"wp-image-2291\" srcset=\"https:\/\/dev.feuerwehrwoerth.de\/wp-content\/uploads\/2021\/10\/Anwesenheit1.jpg 504w, https:\/\/dev.feuerwehrwoerth.de\/wp-content\/uploads\/2021\/10\/Anwesenheit1-259x300.jpg 259w\" sizes=\"auto, (max-width: 504px) 100vw, 504px\" \/><\/figure><\/li><li class=\"blocks-gallery-item\"><figure><img loading=\"lazy\" decoding=\"async\" width=\"504\" height=\"306\" src=\"https:\/\/feuerwehrwoerth.de\/wp-content\/uploads\/2021\/10\/Anwesenheit2.jpg\" alt=\"\" data-id=\"2292\" data-full-url=\"https:\/\/feuerwehrwoerth.de\/wp-content\/uploads\/2021\/10\/Anwesenheit2.jpg\" data-link=\"https:\/\/feuerwehrwoerth.de\/index.php\/ueber-uns\/chronik\/chronik-kapitel-2-die-gruendung-der-freiwilligen-feuerwehr\/anwesenheit2\/\" class=\"wp-image-2292 is-layout-flex wp-block-gallery-is-layout-flex\" srcset=\"https:\/\/dev.feuerwehrwoerth.de\/wp-content\/uploads\/2021\/10\/Anwesenheit2.jpg 504w, https:\/\/dev.feuerwehrwoerth.de\/wp-content\/uploads\/2021\/10\/Anwesenheit2-300x182.jpg 300w\" sizes=\"auto, (max-width: 504px) 100vw, 504px\" \/><\/figure><\/li><\/ul><\/figure>\n\n\n\n<hr class=\"wp-block-separator\"\/>\n\n\n\n<h3 class=\"wp-block-heading\" id=\"cc-m-header-8637839697\">Abschrift der Niederschrift \u00fcber die erste \u00dcbung der Freiwilligen Feuerwehr W\u00f6rth<\/h3>\n\n\n\n<p><em>Niederschrift \u00fcber die erste \u00dcbung der Freiw. Feuerwehr W\u00f6rth am Rhein am 24.6.1956 auf dem Schulplatz um 5.30 Uhr<\/em><\/p>\n\n\n\n<p>Programm:<\/p>\n\n\n\n<p><\/p>\n\n\n\n<figure class=\"wp-block-table is-style-stripes\"><table  class=\" table table-hover\" ><tbody><tr><td><strong>1.<\/strong>&nbsp;Ausgabe der vorhandenen Uniformen.<br>&nbsp;<br><strong>2.<\/strong>&nbsp;Anmessen der neu zu bestellenden 14 Stck. Uniformen.<br>&nbsp;<br><strong>3.<\/strong>&nbsp;Gruppeneinteilung:<br>&#8211; a) Kunz Erich &#8211; Unterf\u00fchrer 2. Spritze<br>&#8211; b) Rabenstein Theod. &#8211; 1. L\u00f6schhilfe<br>&#8211; c) Herrmann Josef &#8211; Leiterwagen<br>&#8211; d) Pfirrmann Severin &#8211; Absperrk. u. Sanit\u00e4t.<br>&#8211; e) Pfirrmann Felix &#8211; Unterf\u00fchrer 1. Spritze<br>&#8211; f) Hornisten Pfirrmann Gerhard II, Winstel A., Pfirrmann H., Schmuck A.<br>&nbsp;<br><strong>4.<\/strong>&nbsp;Rangordnungen: Feuerwehrmann<br>&#8211; Ober-Feuerwehrmann<br>&#8211; Gruppenf\u00fchrer<br>&#8211; L\u00f6schmeister<br>&#8211; Brandmeister<br>&#8211; Ober-Brandmeister<br>&#8211; Haupt-Brandmeister<br>&#8211; Kreisbrandinspektor<\/td><\/tr><\/tbody><\/table><\/figure>\n\n\n\n<p>Kommandant Pfirrmann Hugo gab \u00fcber die Funktionen der einzelnen Rangordnungen Aufkl\u00e4rung.<\/p>\n\n\n\n<p>Die von der Pflichtfeuerwehr \u00fcbernommenen Feuerwehrm\u00e4nner brachten den neu hinzugekommenen Kameraden die n\u00f6tigsten Begriffe im Brandfalle vor.<\/p>\n\n\n\n<hr class=\"wp-block-separator\"\/>\n\n\n\n<h2 class=\"wp-block-heading\">Die Anfangsjahre der Freiwilligen Feuerwehr in W\u00f6rth<\/h2>\n\n\n\n<h3 class=\"wp-block-heading\">1956<\/h3>\n\n\n\n<p>Zwei Monate nach Gr\u00fcndung werden vier Kameraden zu Lehrg\u00e4ngen an die Landesfeuerwehrschule gemeldet.<\/p>\n\n\n\n<h3 class=\"wp-block-heading\">1957<\/h3>\n\n\n\n<p>In diesem Jahr ist ein Neuzugang zu vermelden, so dass sich die Zahl der Mitglieder auf 35 erh\u00f6ht. Bereits zwei Jahre nach Gr\u00fcndung der Wehr findet in W\u00f6rth die Wettkampf-Ausscheidung der Gruppe S\u00fcd statt.<\/p>\n\n\n\n<h3 class=\"wp-block-heading\">1958<\/h3>\n\n\n\n<p>Wehrf\u00fchrer Hugo Pfirrmann bat die Gemeindeverwaltung, die beiden Trag-kraftspritzenanh\u00e4nger (TSA) polizeilich zuzulassen, damit diese an die im Ort vorhandenen Zugmaschinen angeh\u00e4ngt werden k\u00f6nnen. Die Funktion des Ger\u00e4tewartes wird von Walter Hoock \u00fcbernommen.<\/p>\n\n\n\n<p>In der Versammlung wird beschlossen, wer bei \u00dcbungen unentschuldigt fehlt, muss 1,- DM Strafe bezahlen. Bei dreimaligem unentschuldigtem Fehlen erfolgt der Ausschluss aus der Feuerwehr.<\/p>\n\n\n\n<h3 class=\"wp-block-heading\">1959<\/h3>\n\n\n\n<p>Der bisherige Schriftf\u00fchrer und Kassenwart Hans Kauter bittet in der Mitgliederversammlung um Entlassung aus seinem Amt aus privaten und beruflichen Gr\u00fcnden. Als Nachfolger wird Klaus Schmuck gew\u00e4hlt.<\/p>\n\n\n\n<hr class=\"wp-block-separator\"\/>\n\n\n\n<p class=\"has-text-align-right\">aus: Festschrift &#8211; 50 Jahre Freiwillige Feuerwehr W\u00f6rth am Rhein (2006)<\/p>\n\n\n\n<p class=\"has-text-align-right\">von Thomas Graf et al.<\/p>\n","protected":false},"excerpt":{"rendered":"<p>Gr\u00fcndungsmitglieder &#8211; Die erste Mannschaft Anfang 1956 forderte die Gemeindeverwaltung zur Mitarbeit in einer Freiwilligen Feuerwehr auf, zu der sich bis Mitte Mai 35 M\u00e4nner gemeldet hatten. Vom Gemeinderat dazu erm\u00e4chtigt, hielt B\u00fcrgermeister B\u00f6rckel am 16. Juni 1956 im Nebenzimmer seiner Gastst\u00e4tte \u201eZur Krone&#8220; die Gr\u00fcndungsversammlung ab. Die erste \u00dcbung der Freiwilligen Feuerwehr W\u00f6rth wurde [&hellip;]<\/p>\n","protected":false},"author":2,"featured_media":0,"parent":326,"menu_order":0,"comment_status":"closed","ping_status":"closed","template":"","meta":{"advgb_blocks_editor_width":"","advgb_blocks_columns_visual_guide":"","ngg_post_thumbnail":0,"footnotes":""},"class_list":["post-2258","page","type-page","status-publish","hentry"],"coauthors":[],"author_meta":{"author_link":"https:\/\/dev.feuerwehrwoerth.de\/index.php\/author\/tobias\/","display_name":"Tobias"},"relative_dates":{"created":"Posted 5\u00a0Jahren ago","modified":"Updated 5\u00a0Jahren ago"},"absolute_dates":{"created":"Posted on 27. Oktober 2021","modified":"Updated on 28. Oktober 2021"},"absolute_dates_time":{"created":"Posted on 27. Oktober 2021 19:03","modified":"Updated on 28. Oktober 2021 15:48"},"featured_img_caption":"","featured_img":false,"series_order":"","_links":{"self":[{"href":"https:\/\/dev.feuerwehrwoerth.de\/index.php\/wp-json\/wp\/v2\/pages\/2258","targetHints":{"allow":["GET"]}}],"collection":[{"href":"https:\/\/dev.feuerwehrwoerth.de\/index.php\/wp-json\/wp\/v2\/pages"}],"about":[{"href":"https:\/\/dev.feuerwehrwoerth.de\/index.php\/wp-json\/wp\/v2\/types\/page"}],"author":[{"embeddable":true,"href":"https:\/\/dev.feuerwehrwoerth.de\/index.php\/wp-json\/wp\/v2\/users\/2"}],"replies":[{"embeddable":true,"href":"https:\/\/dev.feuerwehrwoerth.de\/index.php\/wp-json\/wp\/v2\/comments?post=2258"}],"version-history":[{"count":16,"href":"https:\/\/dev.feuerwehrwoerth.de\/index.php\/wp-json\/wp\/v2\/pages\/2258\/revisions"}],"predecessor-version":[{"id":2401,"href":"https:\/\/dev.feuerwehrwoerth.de\/index.php\/wp-json\/wp\/v2\/pages\/2258\/revisions\/2401"}],"up":[{"embeddable":true,"href":"https:\/\/dev.feuerwehrwoerth.de\/index.php\/wp-json\/wp\/v2\/pages\/326"}],"wp:attachment":[{"href":"https:\/\/dev.feuerwehrwoerth.de\/index.php\/wp-json\/wp\/v2\/media?parent=2258"}],"curies":[{"name":"wp","href":"https:\/\/api.w.org\/{rel}","templated":true}]}}