{"id":2390,"date":"2021-10-28T14:39:59","date_gmt":"2021-10-28T12:39:59","guid":{"rendered":"https:\/\/feuerwehrwoerth.de\/?page_id=2390"},"modified":"2021-10-28T15:49:04","modified_gmt":"2021-10-28T13:49:04","slug":"chronik-kapitel-4-die-jahre-1980-1999","status":"publish","type":"page","link":"https:\/\/dev.feuerwehrwoerth.de\/index.php\/ueber-uns\/chronik\/chronik-kapitel-4-die-jahre-1980-1999\/","title":{"rendered":"Kapitel 4: Die Jahre 1980-1999"},"content":{"rendered":"\n<h3 class=\"wp-block-heading\">1980<\/h3>\n\n\n\n<p>In dem BrandSchG. vom 27.06.1974 werden u. a. die Zusammensetzung und Aufgaben des Verwaltungsrates, Mitgliedschaft, Versammlungen, Ehrungen, Bef\u00f6rderungen usw. geregelt. Damit hat die Satzung von 1956 der Freiwilligen Feuerwehr W\u00f6rth ihre G\u00fcltigkeit verloren. Eine neue Satzung wird erarbeitet. Die anstehenden Neuwahlen in der Jahreshauptversammlung werden nach den neuen Bestimmungen durchgef\u00fchrt. Der Verwaltungsrat setzt sich nun aus dem Wehrf\u00fchrer, stellvertretenden Wehrf\u00fchrer, den Zugf\u00fchrern, Schriftf\u00fchrer, Kassierer und vier Beisitzern zusammen. Der Schriftf\u00fchrer, Kassierer und die Beisitzer sind alle zwei Jahre von den aktiven Feuerwehrangeh\u00f6rigen zu w\u00e4hlen.<\/p>\n\n\n\n<p>In den neuen Verwaltungsrat werden Peter Semmler als Schriftf\u00fchrer, Erwin Pfirrmann als Kassierer sowie Klaus-Bernd Gei\u00dfler, Eugen Schmuck, Georg Eck und Kurt Schlo\u00df gew\u00e4hlt.<\/p>\n\n\n\n<h3 class=\"wp-block-heading\">1981<\/h3>\n\n\n\n<p>Am 27. M\u00e4rz wird das Tankl\u00f6schfahrzeug (TLF 24\/50) an die Freiwillige Feuerwehr W\u00f6rth \u00fcbergeben. Dieses Fahrzeug wurde im Rahmen einer Beschaffungsma\u00dfnahme des Landes Rheinland-Pfalz gekauft und ist \u00fcber wiegend f\u00fcr Waldbrandeins\u00e4tze gedacht.<\/p>\n\n\n\n<p>Das 25-j\u00e4hrige Jubil\u00e4um der Freiwilligen Feuerwehr W\u00f6rth wird am 13. Juni gefeiert. Die Wehr zeigt sich zu diesem Zeitpunkt als eine schlagkr\u00e4ftige Mannschaft, die auf Grund des ihr zur Verf\u00fcgung stehenden Ger\u00e4teparks auch \u00fcberregional eingesetzt werden kann.<\/p>\n\n\n\n<p>Im August f\u00e4hrt die Freiwillige Feuerwehr W\u00f6rth zum Sommernachtsfest nach Eicherloh (Bayern). Damit revanchierte man sich bei den Kameraden aus Eicherloh f\u00fcr ihren Besuch beim 1. Mai-Fest der Feuerwehr W\u00f6rth.<\/p>\n\n\n\n<h3 class=\"wp-block-heading\">1982<\/h3>\n\n\n\n<p>Bei der Jahres\u00fcbung im November werden vier neue Fahrzeuge, ein Einsatzleitwagen (ELW 1), ein Tragkraftspritzenfahrzeug (TSF), ein Mann-schaftstransportfahrzeug (MTF) und ein Transportfahrzeug (MTF-L) an die Wehr \u00fcbergeben. Bei dem TSF und dem MTF handelt es sich um Ersatz f\u00fcr ausgediente Fahrzeuge.<\/p>\n\n\n\n<h3 class=\"wp-block-heading\">1983<\/h3>\n\n\n\n<p>Im Januar muss Alois W\u00f6schler aus gesundheitlichen Gr\u00fcnden sein Amt als Wehrleiter der Stadt W\u00f6rth sowie das Amt als Wehrf\u00fchrer der Freiwilligen Feuerwehr W\u00f6rth niederlegen. F\u00fcr seine Verdienste um die Freiwillige Feuerwehr W\u00f6rth wird er mit dem goldenen Feuerwehr-Ehrenzeichen ausgezeichnet. Zum neuen Wehrleiter der Stadt W\u00f6rth und Wehrf\u00fchrer der Freiwilligen Feuerwehr W\u00f6rth wird Berthold Simon bestellt. Stellvertreter wird Klaus-Bernd Gei\u00dfler.<\/p>\n\n\n\n<h3 class=\"wp-block-heading\">1984<\/h3>\n\n\n\n<p>Vom 3. bis 5. Februar ist die Wehr in der N\u00e4he der Lauterm\u00fcndung bei Neuburg im Einsatz, um ein festliegendes Schiff, das mit Wasser voll lief, auszupumpen. Das 1962 gekaufte Tankl\u00f6schfahrzeug wird im Rahmen einer Ersatzbeschaffung durch ein neues TLF 16\/25 ersetzt.<\/p>\n\n\n\n<h3 class=\"wp-block-heading\">1985<\/h3>\n\n\n\n<p>Im Juni nehmen die F\u00fchrungskr\u00e4fte an einem Treffen der Feuerwehren aus dem Landkreis und Stadtgebiet Karlsruhe teil.<\/p>\n\n\n\n<h3 class=\"wp-block-heading\">1986<\/h3>\n\n\n\n<p>Am 3. Mai ist die Wehr im Einsatz beim Gro\u00dfbrand der Sporthalle in Schaidt. Vom 24. bis 25. Mai nimmt die Freiwillige Feuerwehr mit dem Mehrzweckboot am Rheinland-Pfalz-Tag in Worms teil.<\/p>\n\n\n\n<h3 class=\"wp-block-heading\">1987<\/h3>\n\n\n\n<p>Am 18. Juli findet erstmalig in W\u00f6rth das Geschicklichkeitsfahren, f\u00fcr Einsatz-fahrer der Feuerwehr, des Regionalfeuerwehrverbandes Vorderpfalz statt. Teilnehmer aus W\u00f6rth sind die Kameraden Gerhard Biank, Peter Gartner, Thomas Graf, Thomas Pfirrmann, Detlef Suhr in der Klasse A (Kleinfahr-zeuge, TSF), sowie Gerhard Biank, Georg Eck, Gerhard Spicka und Rudi W\u00f6schler in der Klasse B (Gro\u00dffahrzeuge, TLF). In beidenKlassen belegt Gerhard Biank den 1. Platz.<\/p>\n\n\n\n<p>Gro\u00dfeinsatz auf dem Rhein, nachdem ein Schubverband mit einem St\u00fctzpfeiler der Rheinbr\u00fccke kollidierte.<\/p>\n\n\n\n<h3 class=\"wp-block-heading\">1988<\/h3>\n\n\n\n<p>Im M\u00e4rz erh\u00e4lt die Wehr im Rahmen des Katastrophenschutzplans ein Messfahrzeug-Gefahrgut, Mef-G. Im Oktober wird eine DLK 23\/12 als Ersatz f\u00fcr die 1969 beschaffte Drehleiter \u00fcbergeben.<\/p>\n\n\n\n<h3 class=\"wp-block-heading\">1989<\/h3>\n\n\n\n<p>Im Juni unterst\u00fctzt die Wehr mit dem Mehrzweckboot die World Games (Wasserski) im Landeshafen W\u00f6rth.<\/p>\n\n\n\n<h3 class=\"wp-block-heading\">1990<\/h3>\n\n\n\n<p>Im Rahmen einer Ersatzbeschaffung f\u00fcr den im Jahr 1969 gekauften R\u00fcstwagen (RW 2) wird ein neuer RW 2 \u00fcbergeben.<\/p>\n\n\n\n<h3 class=\"wp-block-heading\">1991<\/h3>\n\n\n\n<p>Tagung der Hersteller von Fahrzeugaufbauten im Feuerwehrhaus in W\u00f6rth<\/p>\n\n\n\n<h3 class=\"wp-block-heading\">1995<\/h3>\n\n\n\n<p>Vom 8. bis 10. September findet das 30-j\u00e4hrige Jubil\u00e4umsfest der Jugendfeuerwehr statt.<\/p>\n\n\n\n<p>Vom 30. Oktober bis 1. November befindet sich die Wehr zusammen mit den Kameraden aus Maximiliansau im Gro\u00dfeinsatz bei einer Bombenentsch\u00e4rfung im Bergfeld. Bei Bauarbeiten wurde eine amerikanische 5-Zenter-Fliegerbombe gefunden und vom Kampfmittelr\u00e4umdienst entsch\u00e4rft. Die Feuerwehr \u00fcbernimmt die Evakuierung und Absicherung der Einsatzstelle.<\/p>\n\n\n\n<h3 class=\"wp-block-heading\">1999<\/h3>\n\n\n\n<p>Treffen der F\u00fchrungskr\u00e4fte mit Feuerwehreinheiten des Stadt- und Land-kreises Karlsruhe in der \u201eKarlsruher Runde&#8220;<\/p>\n\n\n\n<p>Als Neubeschaffung wird der Wehr ein Wechselladerfahrzeug, WLF mit Abrollbeh\u00e4lter- Umwelt, -Boot, -Hochwasser und Pritsche-Kran \u00fcbergeben.<\/p>\n\n\n\n<p>Am 13.\/14. Oktober findet das Grenzlandtreffen im Feuerwehrhaus W\u00f6rth statt. Teilgenommen haben Frankreich, Luxemburg und die angrenzenden Bundesl\u00e4nder. Der bisherige Wehrleiter und Wehrf\u00fchrer Berthold Simon gibt nach seiner Bestellung zum Kreisfeuerwehrinspekteur seine \u00c4mter in der Freiwilligen Feuerwehr W\u00f6rth ab. Auch sein bisheriger Stellvertreter Klaus-Bernd Gei\u00dfler legt sein Amt nieder.<\/p>\n\n\n\n<p>In der Jahreshauptversammlung wird Stefan Kuhn zum Wehrf\u00fchrer und Daniel Fuhrmann zum stellvertretenden Wehrf\u00fchrer vorgeschlagen.<\/p>\n\n\n\n<p>Bei den anschlie\u00dfenden Neuwahlen des Verwaltungsrates stellt sich Erwin Pfirrmann nach 35-j\u00e4hriger T\u00e4tigkeit als Kassierer und Gesch\u00e4ftsf\u00fchrer f\u00fcr dieses Amt nicht mehr zur Verf\u00fcgung. Zum neuen Gesch\u00e4ftsf\u00fchrer wird Herbert Schoch und zum Schriftf\u00fchrer Thomas Graf gew\u00e4hlt. Als Beisitzer werden Michael Schlo\u00df, J\u00fcrgen Weber, Torsten Benneter und Helmut Karl gew\u00e4hlt.<\/p>\n\n\n\n<p>Im Dezember wird Stefan Kuhn von allen vier Feuerwehreinheiten der Stadt W\u00f6rth zum Wehrleiter vorgeschlagen. Der bisherige stellvertretende Wehrleiter, Peter Bersch aus Schaidt, bleibt weiterhin in seinem Amt.<\/p>\n\n\n\n<hr class=\"wp-block-separator\"\/>\n\n\n\n<p class=\"has-text-align-right\">aus: Festschrift &#8211; 50 Jahre Freiwillige Feuerwehr W\u00f6rth am Rhein (2006)<\/p>\n\n\n\n<p class=\"has-text-align-right\">von Thomas Graf et al.<\/p>\n","protected":false},"excerpt":{"rendered":"<p>1980 In dem BrandSchG. vom 27.06.1974 werden u. a. die Zusammensetzung und Aufgaben des Verwaltungsrates, Mitgliedschaft, Versammlungen, Ehrungen, Bef\u00f6rderungen usw. geregelt. Damit hat die Satzung von 1956 der Freiwilligen Feuerwehr W\u00f6rth ihre G\u00fcltigkeit verloren. Eine neue Satzung wird erarbeitet. Die anstehenden Neuwahlen in der Jahreshauptversammlung werden nach den neuen Bestimmungen durchgef\u00fchrt. Der Verwaltungsrat setzt sich [&hellip;]<\/p>\n","protected":false},"author":2,"featured_media":0,"parent":326,"menu_order":0,"comment_status":"closed","ping_status":"closed","template":"","meta":{"advgb_blocks_editor_width":"","advgb_blocks_columns_visual_guide":"","ngg_post_thumbnail":0,"footnotes":""},"class_list":["post-2390","page","type-page","status-publish","hentry"],"coauthors":[],"author_meta":{"author_link":"https:\/\/dev.feuerwehrwoerth.de\/index.php\/author\/tobias\/","display_name":"Tobias"},"relative_dates":{"created":"Posted 5\u00a0Jahren ago","modified":"Updated 5\u00a0Jahren ago"},"absolute_dates":{"created":"Posted on 28. Oktober 2021","modified":"Updated on 28. Oktober 2021"},"absolute_dates_time":{"created":"Posted on 28. Oktober 2021 14:39","modified":"Updated on 28. Oktober 2021 15:49"},"featured_img_caption":"","featured_img":false,"series_order":"","_links":{"self":[{"href":"https:\/\/dev.feuerwehrwoerth.de\/index.php\/wp-json\/wp\/v2\/pages\/2390","targetHints":{"allow":["GET"]}}],"collection":[{"href":"https:\/\/dev.feuerwehrwoerth.de\/index.php\/wp-json\/wp\/v2\/pages"}],"about":[{"href":"https:\/\/dev.feuerwehrwoerth.de\/index.php\/wp-json\/wp\/v2\/types\/page"}],"author":[{"embeddable":true,"href":"https:\/\/dev.feuerwehrwoerth.de\/index.php\/wp-json\/wp\/v2\/users\/2"}],"replies":[{"embeddable":true,"href":"https:\/\/dev.feuerwehrwoerth.de\/index.php\/wp-json\/wp\/v2\/comments?post=2390"}],"version-history":[{"count":4,"href":"https:\/\/dev.feuerwehrwoerth.de\/index.php\/wp-json\/wp\/v2\/pages\/2390\/revisions"}],"predecessor-version":[{"id":2409,"href":"https:\/\/dev.feuerwehrwoerth.de\/index.php\/wp-json\/wp\/v2\/pages\/2390\/revisions\/2409"}],"up":[{"embeddable":true,"href":"https:\/\/dev.feuerwehrwoerth.de\/index.php\/wp-json\/wp\/v2\/pages\/326"}],"wp:attachment":[{"href":"https:\/\/dev.feuerwehrwoerth.de\/index.php\/wp-json\/wp\/v2\/media?parent=2390"}],"curies":[{"name":"wp","href":"https:\/\/api.w.org\/{rel}","templated":true}]}}