{"id":2406,"date":"2021-10-28T14:58:21","date_gmt":"2021-10-28T12:58:21","guid":{"rendered":"https:\/\/feuerwehrwoerth.de\/?page_id=2406"},"modified":"2021-12-27T17:24:57","modified_gmt":"2021-12-27T16:24:57","slug":"chronik-kapitel-5-die-jahre-2000-2019","status":"publish","type":"page","link":"https:\/\/dev.feuerwehrwoerth.de\/index.php\/ueber-uns\/chronik\/chronik-kapitel-5-die-jahre-2000-2019\/","title":{"rendered":"Kapitel 5: Die Jahre 2000-2019"},"content":{"rendered":"\n<h3 class=\"wp-block-heading\">2000<\/h3>\n\n\n\n<p>Am 20. Januar wird Berthold Simon als Wehrleiter der Stadt und Wehrf\u00fchrer der Freiwilligen Feuerwehr W\u00f6rth sowie Klaus Bernd Gei\u00dfler als stellvertretender Wehrf\u00fchrer offiziell verabschiedet. Stefan Kuhn wird zum neuen Wehrleiter der Stadt W\u00f6rth und Wehrf\u00fchrer der Freiwilligen Feuerwehr W\u00f6rth und Daniel Fuhrmann zum stellvertretenden Wehrf\u00fchrer bestellt.<\/p>\n\n\n\n<h3 class=\"wp-block-heading\">2001<\/h3>\n\n\n\n<p>Als Ersatzbeschaffung werden ein Mannschaftstransportfahrzeug (MTF) und ein L\u00f6schfahrzeug (LF 16\/12) an die Wehr \u00fcbergeben. Das ausgediente LF 16 wird zusammen mit dem TLF 16\/25 aus Schaidt von einer Abordnung an die Partnerstadt Drezdenko \u00fcberf\u00fchrt.<\/p>\n\n\n\n<p>An der Grenze bei Lauterbourg und Scheibenhardt errichtet die Wehr zusammen mit anderen Wehren aus dem Kreis und dem THW eine Dekontaminationsstation wegen der Maul- und Klauenseuche.<\/p>\n\n\n\n<h3 class=\"wp-block-heading\">2002<\/h3>\n\n\n\n<p>Ersatzbeschaffung eines Einsatzleitwagens, ELW 1.<\/p>\n\n\n\n<p>Vom 14. bis 19. August sind 15 Kameraden aus W\u00f6rth beim Hochwassereinsatz in Dresden.<\/p>\n\n\n\n<p>Am 29.\/30. August findet ein \u201eTag der offenen T\u00fcr&#8220; anl\u00e4sslich des 25 Jahre alten Feuerwehrhauses statt.<\/p>\n\n\n\n<h3 class=\"wp-block-heading\">2003<\/h3>\n\n\n\n<p>Im September f\u00fchren die Einheiten der Feuerwehr der Stadt W\u00f6rth zusammen mit der Feuerwehr Jockgrim eine Gro\u00df\u00fcbung bei der Papierfabrik Palm durch. Insgesamt sind an der \u00dcbung 62 Einsatzkr\u00e4fte und 12 Fahrzeuge beteiligt.<\/p>\n\n\n\n<h3 class=\"wp-block-heading\">2004<\/h3>\n\n\n\n<p>Vom 12. bis 13. November nimmt die Wehr an einer gro\u00dfangelegten Hochwasser\u00fcbung im Landkreis Germersheim teil. W\u00e4hrend der 27-st\u00fcndigen \u00dcbung wird im Feuerwehrhaus W\u00f6rth der Stab eingerichtet. An verschiedenen Rheinabschnitten werden unterschiedliche Hochwasserlagen angenommen und entsprechende Ma\u00dfnahmen zur Gefahrenabwehr eingeleitet. Zum Abschluss der \u00dcbung findet im Hafen Maximiliansau eine Vorf\u00fchrung der Bundeswehr zusammen mit dem Bundesgrenzschutz, den Feuerwehren, dem DLRG, dem DRK und dem THW statt.<\/p>\n\n\n\n<h3 class=\"wp-block-heading\">2005<\/h3>\n\n\n\n<p>In der Jahreshauptversammlung wird der Antrag auf eine Satzungs\u00e4nderung gestellt. Hauptpunkt des Antrags ist \u00a7 10 \u201eWahl des Verwaltungsrates&#8220;. Bei der anschlie\u00dfenden Abstimmung wird mehrheitlich einer Satzungs\u00e4nderung zugestimmt. Nach neuer Satzung sind nun die Zugf\u00fchrer keine geborenen Mitglieder des Verwaltungsrates mehr. Daf\u00fcr sind nun sechs statt wie bisher vier Beisitzer zu w\u00e4hlen.<\/p>\n\n\n\n<p>In den \u00f6rtlichen Turnieren ist die Wehr besonders erfolgreich. So belegt sie beim Stadtschie\u00dfen wie in den Jahren zuvor den 1. Platz. Beim S\u00e4ngerwett-streit des Gesangvereins Liederkranz erringt sie unter der Leitung von Matthias W\u00f6schler ebenfalls den 1. Platz. Beim Fu\u00dfballturnier wird der 2. Platz, beim Hallenfu\u00dfballturnier und der Radtouristik der 3. Platz belegt.<\/p>\n\n\n\n<h3 class=\"wp-block-heading\">2006<\/h3>\n\n\n\n<p>Im Jubil\u00e4umsjahr wird ein neues Wechselladerfahrzeug mit Kran (WLF-K) in Dienst gestellt. Mit der Beschaffung des zweiten Wechselladerfahrzeuges werden in den n\u00e4chsten zwei Jahren weitere Fahrzeuge auf Basis von Abrollbeh\u00e4ltern ersetzt.<\/p>\n\n\n\n<p>Am 11.\/12. Mai sind innerhalb von 24 Stunden sieben Eins\u00e4tze zu verzeichnen.<\/p>\n\n\n\n<p>Von Januar bis Ende Mai ist die Wehr 82 Mal im Einsatz.<\/p>\n\n\n\n<p>  <\/p>\n\n\n\n<hr class=\"wp-block-separator\"\/>\n\n\n\n<p class=\"has-text-align-right\">aus: Festschrift &#8211; 50 Jahre Freiwillige Feuerwehr W\u00f6rth am Rhein (2006)<\/p>\n\n\n\n<p class=\"has-text-align-right\">von Thomas Graf, Tobias Pfrengle et al.<\/p>\n","protected":false},"excerpt":{"rendered":"<p>2000 Am 20. Januar wird Berthold Simon als Wehrleiter der Stadt und Wehrf\u00fchrer der Freiwilligen Feuerwehr W\u00f6rth sowie Klaus Bernd Gei\u00dfler als stellvertretender Wehrf\u00fchrer offiziell verabschiedet. Stefan Kuhn wird zum neuen Wehrleiter der Stadt W\u00f6rth und Wehrf\u00fchrer der Freiwilligen Feuerwehr W\u00f6rth und Daniel Fuhrmann zum stellvertretenden Wehrf\u00fchrer bestellt. 2001 Als Ersatzbeschaffung werden ein Mannschaftstransportfahrzeug (MTF) [&hellip;]<\/p>\n","protected":false},"author":2,"featured_media":0,"parent":326,"menu_order":0,"comment_status":"closed","ping_status":"closed","template":"","meta":{"advgb_blocks_editor_width":"","advgb_blocks_columns_visual_guide":"","ngg_post_thumbnail":0,"footnotes":""},"class_list":["post-2406","page","type-page","status-publish","hentry"],"coauthors":[],"author_meta":{"author_link":"https:\/\/dev.feuerwehrwoerth.de\/index.php\/author\/tobias\/","display_name":"Tobias"},"relative_dates":{"created":"Posted 5\u00a0Jahren ago","modified":"Updated 4\u00a0Jahren ago"},"absolute_dates":{"created":"Posted on 28. Oktober 2021","modified":"Updated on 27. Dezember 2021"},"absolute_dates_time":{"created":"Posted on 28. Oktober 2021 14:58","modified":"Updated on 27. Dezember 2021 17:24"},"featured_img_caption":"","featured_img":false,"series_order":"","_links":{"self":[{"href":"https:\/\/dev.feuerwehrwoerth.de\/index.php\/wp-json\/wp\/v2\/pages\/2406","targetHints":{"allow":["GET"]}}],"collection":[{"href":"https:\/\/dev.feuerwehrwoerth.de\/index.php\/wp-json\/wp\/v2\/pages"}],"about":[{"href":"https:\/\/dev.feuerwehrwoerth.de\/index.php\/wp-json\/wp\/v2\/types\/page"}],"author":[{"embeddable":true,"href":"https:\/\/dev.feuerwehrwoerth.de\/index.php\/wp-json\/wp\/v2\/users\/2"}],"replies":[{"embeddable":true,"href":"https:\/\/dev.feuerwehrwoerth.de\/index.php\/wp-json\/wp\/v2\/comments?post=2406"}],"version-history":[{"count":2,"href":"https:\/\/dev.feuerwehrwoerth.de\/index.php\/wp-json\/wp\/v2\/pages\/2406\/revisions"}],"predecessor-version":[{"id":2674,"href":"https:\/\/dev.feuerwehrwoerth.de\/index.php\/wp-json\/wp\/v2\/pages\/2406\/revisions\/2674"}],"up":[{"embeddable":true,"href":"https:\/\/dev.feuerwehrwoerth.de\/index.php\/wp-json\/wp\/v2\/pages\/326"}],"wp:attachment":[{"href":"https:\/\/dev.feuerwehrwoerth.de\/index.php\/wp-json\/wp\/v2\/media?parent=2406"}],"curies":[{"name":"wp","href":"https:\/\/api.w.org\/{rel}","templated":true}]}}