{"id":311,"date":"2020-12-10T19:08:38","date_gmt":"2020-12-10T18:08:38","guid":{"rendered":"https:\/\/feuerwehrwoerth.de\/wordpress\/?page_id=311"},"modified":"2022-06-22T12:41:20","modified_gmt":"2022-06-22T10:41:20","slug":"verwaltung","status":"publish","type":"page","link":"https:\/\/dev.feuerwehrwoerth.de\/index.php\/ueber-uns\/feuerwehrgeraetehaus\/verwaltung\/","title":{"rendered":"Verwaltungsgeb\u00e4ude"},"content":{"rendered":"\n<p>Unser heutiges Ger\u00e4tehaus bildet nicht nur die Basis f\u00fcr unsere <a href=\"https:\/\/feuerwehrwoerth.de\/index.php\/ueber-uns\/fahrzeuge\/\" class=\"ek-link\">Einsatzfahrzeuge<\/a>, die in der <a href=\"https:\/\/feuerwehrwoerth.de\/index.php\/ueber-uns\/feuerwehrgeraetehaus\/fahrzeughalle\/\" class=\"ek-link\">Fahrzeughalle<\/a> untergebracht sind. Ein wichtiger Teil ist ebenso der Verwaltungstrakt, der neben Sozialr\u00e4umen und Umkleider\u00e4umen auch ein B\u00fcro und einen Versammlungsraum f\u00fcr Schulungen und besondere Anl\u00e4sse beinhaltet. Auch haben unsere Ger\u00e4tewarte dort ihr B\u00fcro und eine Werkstatt. Im Keller befindet sich unsere Schlauchwerkstatt in der Schl\u00e4uche von unserer und Feuerwehren aus dem Umkreis repariert und gewaschen werden. Im Erdgeschoss befindet sich unsere <a href=\"https:\/\/feuerwehrwoerth.de\/index.php\/ueber-uns\/feuerwehrgeraetehaus\/fez\/\" class=\"ek-link\">Feuerwehreinsatzzentrale (FEZ)<\/a>, in welcher unsere Eins\u00e4tze koordiniert und dokumentiert werden.<\/p>\n\n\n\n<figure class=\"wp-block-image size-large is-style-editorskit-rounded\"><img loading=\"lazy\" decoding=\"async\" width=\"1024\" height=\"486\" src=\"https:\/\/feuerwehrwoerth.de\/wp-content\/uploads\/2021\/10\/48BC5923-A766-4741-BE1E-724DE6D71971-scaled-e1634673139868-1024x486.jpeg\" alt=\"\" class=\"wp-image-2115\" srcset=\"https:\/\/dev.feuerwehrwoerth.de\/wp-content\/uploads\/2021\/10\/48BC5923-A766-4741-BE1E-724DE6D71971-scaled-e1634673139868-1024x486.jpeg 1024w, https:\/\/dev.feuerwehrwoerth.de\/wp-content\/uploads\/2021\/10\/48BC5923-A766-4741-BE1E-724DE6D71971-scaled-e1634673139868-300x143.jpeg 300w, https:\/\/dev.feuerwehrwoerth.de\/wp-content\/uploads\/2021\/10\/48BC5923-A766-4741-BE1E-724DE6D71971-scaled-e1634673139868-768x365.jpeg 768w, https:\/\/dev.feuerwehrwoerth.de\/wp-content\/uploads\/2021\/10\/48BC5923-A766-4741-BE1E-724DE6D71971-scaled-e1634673139868-1536x730.jpeg 1536w, https:\/\/dev.feuerwehrwoerth.de\/wp-content\/uploads\/2021\/10\/48BC5923-A766-4741-BE1E-724DE6D71971-scaled-e1634673139868-2048x973.jpeg 2048w\" sizes=\"auto, (max-width: 1024px) 100vw, 1024px\" \/><figcaption>Verwaltungstrakt bei Tag. Vorne Haupteingang, hinten Fahrzeughalle<\/figcaption><\/figure>\n","protected":false},"excerpt":{"rendered":"<p>Unser heutiges Ger\u00e4tehaus bildet nicht nur die Basis f\u00fcr unsere Einsatzfahrzeuge, die in der Fahrzeughalle untergebracht sind. Ein wichtiger Teil ist ebenso der Verwaltungstrakt, der neben Sozialr\u00e4umen und Umkleider\u00e4umen auch ein B\u00fcro und einen Versammlungsraum f\u00fcr Schulungen und besondere Anl\u00e4sse beinhaltet. Auch haben unsere Ger\u00e4tewarte dort ihr B\u00fcro und eine Werkstatt. Im Keller befindet sich [&hellip;]<\/p>\n","protected":false},"author":1,"featured_media":0,"parent":298,"menu_order":0,"comment_status":"closed","ping_status":"closed","template":"","meta":{"advgb_blocks_editor_width":"","advgb_blocks_columns_visual_guide":"","ngg_post_thumbnail":0,"footnotes":""},"class_list":["post-311","page","type-page","status-publish","hentry"],"coauthors":[],"author_meta":{"author_link":"https:\/\/dev.feuerwehrwoerth.de\/index.php\/author\/chris\/","display_name":"Christian"},"relative_dates":{"created":"Posted 5\u00a0Jahren ago","modified":"Updated 4\u00a0Jahren ago"},"absolute_dates":{"created":"Posted on 10. Dezember 2020","modified":"Updated on 22. Juni 2022"},"absolute_dates_time":{"created":"Posted on 10. Dezember 2020 19:08","modified":"Updated on 22. Juni 2022 12:41"},"featured_img_caption":"","featured_img":false,"series_order":"","_links":{"self":[{"href":"https:\/\/dev.feuerwehrwoerth.de\/index.php\/wp-json\/wp\/v2\/pages\/311","targetHints":{"allow":["GET"]}}],"collection":[{"href":"https:\/\/dev.feuerwehrwoerth.de\/index.php\/wp-json\/wp\/v2\/pages"}],"about":[{"href":"https:\/\/dev.feuerwehrwoerth.de\/index.php\/wp-json\/wp\/v2\/types\/page"}],"author":[{"embeddable":true,"href":"https:\/\/dev.feuerwehrwoerth.de\/index.php\/wp-json\/wp\/v2\/users\/1"}],"replies":[{"embeddable":true,"href":"https:\/\/dev.feuerwehrwoerth.de\/index.php\/wp-json\/wp\/v2\/comments?post=311"}],"version-history":[{"count":11,"href":"https:\/\/dev.feuerwehrwoerth.de\/index.php\/wp-json\/wp\/v2\/pages\/311\/revisions"}],"predecessor-version":[{"id":3769,"href":"https:\/\/dev.feuerwehrwoerth.de\/index.php\/wp-json\/wp\/v2\/pages\/311\/revisions\/3769"}],"up":[{"embeddable":true,"href":"https:\/\/dev.feuerwehrwoerth.de\/index.php\/wp-json\/wp\/v2\/pages\/298"}],"wp:attachment":[{"href":"https:\/\/dev.feuerwehrwoerth.de\/index.php\/wp-json\/wp\/v2\/media?parent=311"}],"curies":[{"name":"wp","href":"https:\/\/api.w.org\/{rel}","templated":true}]}}