{"id":7690,"date":"2025-09-15T22:35:19","date_gmt":"2025-09-15T20:35:19","guid":{"rendered":"https:\/\/dev.feuerwehrwoerth.de\/?page_id=7690"},"modified":"2026-03-30T23:21:36","modified_gmt":"2026-03-30T21:21:36","slug":"neuigkeiten-aus-schaidt","status":"publish","type":"page","link":"https:\/\/dev.feuerwehrwoerth.de\/index.php\/ueber-uns\/schaidt\/neuigkeiten-aus-schaidt\/","title":{"rendered":"Neuigkeiten aus Schaidt"},"content":{"rendered":"\n<div class=\"wp-block-query is-layout-flow wp-block-query-is-layout-flow advgb-dyn-e7df619d\"><ul class=\"wp-block-post-template is-layout-flow wp-block-post-template-is-layout-flow\"><li class=\"wp-block-post post-7761 post type-post status-publish format-standard has-post-thumbnail hentry category-schaidt\">\n<figure class=\"alignwide wp-block-post-featured-image\"><a href=\"https:\/\/dev.feuerwehrwoerth.de\/index.php\/2025\/09\/15\/testnews-schaidt\/\" target=\"_self\"  ><img loading=\"lazy\" decoding=\"async\" width=\"750\" height=\"410\" src=\"https:\/\/dev.feuerwehrwoerth.de\/wp-content\/uploads\/2025\/03\/muelleimer_artikelbild.jpg\" class=\"attachment-post-thumbnail size-post-thumbnail wp-post-image\" alt=\"Testnews Schaidt\" style=\"object-fit:cover;\" srcset=\"https:\/\/dev.feuerwehrwoerth.de\/wp-content\/uploads\/2025\/03\/muelleimer_artikelbild.jpg 750w, https:\/\/dev.feuerwehrwoerth.de\/wp-content\/uploads\/2025\/03\/muelleimer_artikelbild-300x164.jpg 300w, https:\/\/dev.feuerwehrwoerth.de\/wp-content\/uploads\/2025\/03\/muelleimer_artikelbild-500x273.jpg 500w\" sizes=\"auto, (max-width: 750px) 100vw, 750px\" \/><\/a><\/figure>\n\n<h2 class=\"wp-block-post-title\"><a href=\"https:\/\/dev.feuerwehrwoerth.de\/index.php\/2025\/09\/15\/testnews-schaidt\/\" target=\"_self\" >Testnews Schaidt<\/a><\/h2>\n\n<div class=\"wp-block-post-date\"><time datetime=\"2025-09-15T23:34:23+02:00\"><a href=\"https:\/\/dev.feuerwehrwoerth.de\/index.php\/2025\/09\/15\/testnews-schaidt\/\">15. September 2025<\/a><\/time><\/div>\n\n<div class=\"wp-block-post-excerpt\"><p class=\"wp-block-post-excerpt__excerpt\">Speckstra\u00dfe hei\u00dft jetzt Veganstra\u00dfe?! <\/p><\/div>\n\n\n<hr class=\"wp-block-separator has-css-opacity\"\/>\n\n<\/li><\/ul><\/div>\n\n\n\n<p><\/p>\n","protected":false},"excerpt":{"rendered":"","protected":false},"author":7,"featured_media":0,"parent":7582,"menu_order":0,"comment_status":"closed","ping_status":"closed","template":"","meta":{"advgb_blocks_editor_width":"","advgb_blocks_columns_visual_guide":"","ngg_post_thumbnail":0,"footnotes":""},"class_list":["post-7690","page","type-page","status-publish","hentry"],"coauthors":[],"author_meta":{"author_link":"https:\/\/dev.feuerwehrwoerth.de\/index.php\/author\/woerth300\/","display_name":"Einheit Schaidt"},"relative_dates":{"created":"Posted 8\u00a0Monaten ago","modified":"Updated 2\u00a0Monaten ago"},"absolute_dates":{"created":"Posted on 15. September 2025","modified":"Updated on 30. M\u00e4rz 2026"},"absolute_dates_time":{"created":"Posted on 15. September 2025 22:35","modified":"Updated on 30. M\u00e4rz 2026 23:21"},"featured_img_caption":"","featured_img":false,"series_order":"","_links":{"self":[{"href":"https:\/\/dev.feuerwehrwoerth.de\/index.php\/wp-json\/wp\/v2\/pages\/7690","targetHints":{"allow":["GET"]}}],"collection":[{"href":"https:\/\/dev.feuerwehrwoerth.de\/index.php\/wp-json\/wp\/v2\/pages"}],"about":[{"href":"https:\/\/dev.feuerwehrwoerth.de\/index.php\/wp-json\/wp\/v2\/types\/page"}],"author":[{"embeddable":true,"href":"https:\/\/dev.feuerwehrwoerth.de\/index.php\/wp-json\/wp\/v2\/users\/7"}],"replies":[{"embeddable":true,"href":"https:\/\/dev.feuerwehrwoerth.de\/index.php\/wp-json\/wp\/v2\/comments?post=7690"}],"version-history":[{"count":3,"href":"https:\/\/dev.feuerwehrwoerth.de\/index.php\/wp-json\/wp\/v2\/pages\/7690\/revisions"}],"predecessor-version":[{"id":8008,"href":"https:\/\/dev.feuerwehrwoerth.de\/index.php\/wp-json\/wp\/v2\/pages\/7690\/revisions\/8008"}],"up":[{"embeddable":true,"href":"https:\/\/dev.feuerwehrwoerth.de\/index.php\/wp-json\/wp\/v2\/pages\/7582"}],"wp:attachment":[{"href":"https:\/\/dev.feuerwehrwoerth.de\/index.php\/wp-json\/wp\/v2\/media?parent=7690"}],"curies":[{"name":"wp","href":"https:\/\/api.w.org\/{rel}","templated":true}]}}