{"id":7772,"date":"2025-09-16T09:34:50","date_gmt":"2025-09-16T07:34:50","guid":{"rendered":"https:\/\/dev.feuerwehrwoerth.de\/?page_id=7772"},"modified":"2026-03-26T19:02:43","modified_gmt":"2026-03-26T18:02:43","slug":"chronik-maximiliansau","status":"publish","type":"page","link":"https:\/\/dev.feuerwehrwoerth.de\/index.php\/ueber-uns\/maximiliansau\/chronik-maximiliansau\/","title":{"rendered":"Chronik Einheit Maximiliansau"},"content":{"rendered":"\n<div class=\"wp-block-cp-timeline-content-timeline-block Cool-Content-Timeline\"><div class=\"cool-timeline-block-57f05197-bab3-4b38-8c95-793470eb01cf\"><div class=\"cool-vertical-timeline-body ctlb-wrapper both-sided left\"><div class=\"cool-timeline-block-list\">\n<div class=\"wp-block-cp-timeline-content-timeline-block-child swiper-slide\"><div class=\"timeline-content icon-false \"><div class=\"timeline-block-timeline ctl-row  position-right\"><div class=\"ctl-6 timeline-block-time\"><div class=\"story-time\"><p>06.09.1952<\/p><\/div><\/div><div class=\"timeline-block-icon\"><svg fill=\"currentColor\" viewBox=\"0 0 512 512\" height=\"1em\" width=\"1em\" xmlns=\"http:\/\/www.w3.org\/2000\/svg\"><path d=\"M256 8C119 8 8 119 8 256s111 248 248 248 248-111 248-248S393 8 256 8z\"><\/path><\/svg><\/div><div class=\"ctl-6 timeline-block-detail\"><div class=\"story-details\"><div class=\"story-content\">\n\n<h3 class=\"wp-block-heading ctlb-block-title\" style=\"padding-top:0px;padding-right:0px;padding-bottom:0px;padding-left:0px\">Gr\u00fcndungsversammlung<\/h3>\n\n\n<p class=\"ctlb-block-desc\" style=\"padding-top:0px;padding-right:0px;padding-bottom:0px;padding-left:0px\">Es war Samstag Abend um 20 Uhr im Cafe &#8222;Schneider&#8220;. Etwa 25 junge M\u00e4nner hatten sich eingefunden um der Gr\u00fcndungsversammlung der Freiwilligen Feuerwehr beizuwohnen und sich in den Dienst der N\u00e4chsten zu stellen.<\/p>\n\n\n<p>Der Beigeordnete Alois Schneider er\u00f6ffnete die Versammlung und begr\u00fc\u00dfte es, dass sich junge M\u00e4nner f\u00fcr dieses hohe Ideal in den Dienst der Freiwilligen Feuerwehr stellen wollen.<\/p>\n\n\n<p>Mit dem Leitwort:<\/p>\n\n\n<p class=\"ctlb-block-desc\" style=\"padding-top:0px;padding-right:0px;padding-bottom:0px;padding-left:0px\"><strong>&#8222;Zur Verh\u00fctung und Bek\u00e4mpfung von Br\u00e4nden, sowie Rettung von Menschen und Tieren aus Br\u00e4nden und \u00e4hnlicher Gefahren&#8220;<br><br><\/strong>Wurde die Gr\u00fcndung besiegelt<strong>.<\/strong><\/p>\n\n<\/div><\/div><\/div><\/div><\/div><\/div>\n\n\n\n<div class=\"wp-block-cp-timeline-content-timeline-block-child swiper-slide\"><div class=\"timeline-content icon-false \"><div class=\"timeline-block-timeline ctl-row  position-left\"><div class=\"ctl-6 timeline-block-time\"><div class=\"story-time\"><p>13.09.1952<\/p><\/div><\/div><div class=\"timeline-block-icon\"><svg fill=\"currentColor\" viewBox=\"0 0 512 512\" height=\"1em\" width=\"1em\" xmlns=\"http:\/\/www.w3.org\/2000\/svg\"><path d=\"M256 8C119 8 8 119 8 256s111 248 248 248 248-111 248-248S393 8 256 8z\"><\/path><\/svg><\/div><div class=\"ctl-6 timeline-block-detail\"><div class=\"story-details\"><div class=\"story-content\">\n\n<h3 class=\"wp-block-heading ctlb-block-title\" style=\"padding-top:0px;padding-right:0px;padding-bottom:0px;padding-left:0px\">Verpflichtungserkl\u00e4rung<\/h3>\n\n\n<p class=\"has-text-align-right ctlb-block-desc advgb-dyn-e6a09cc8\" style=\"padding-top:0px;padding-right:0px;padding-bottom:0px;padding-left:0px\">Folgende Wehrm\u00e4nner unterschrieben ihre Verpflichtungserkl\u00e4rung:<\/p>\n\n\n<p class=\"has-text-align-right\">B\u00f6rgel, Franz<br>Blessinger, Ludwig<br>F\u00e4th, Alfred<br>Fischer, Fritz<br>Freund, Walter<br>Hellmann, Walter<br>Hellmann, Heinz<br>H\u00fcgle, Egon<br>H\u00fcgle, Ewald<br>Hofmann, Hugo<br>Jahraus, Rolf<br>Laubscher,Ewald<br>Meyer, Egon<br>Mohr, Karl<br>Paul, Willi<br>Pfaff, Ewald<br>Schneider, Helmut<br>Schneider, Adolf<br>Schneider, Gerard<br>Wenzel, Werner<br>W\u00fcnsch, Karl<\/p>\n\n\n<p class=\"has-text-align-right ctlb-block-desc\" style=\"padding-top:0px;padding-right:0px;padding-bottom:0px;padding-left:0px\">Die Gr\u00fcndungsv\u00e4ter der FF Maximiliansau, <\/p>\n\n<\/div><\/div><\/div><\/div><\/div><\/div>\n\n\n\n<div class=\"wp-block-cp-timeline-content-timeline-block-child swiper-slide\"><div class=\"timeline-content icon-false \"><div class=\"timeline-block-timeline ctl-row  position-right\"><div class=\"ctl-6 timeline-block-time\"><div class=\"story-time\"><p>Fr\u00fchjahr 1953<\/p><\/div><\/div><div class=\"timeline-block-icon\"><svg fill=\"currentColor\" viewBox=\"0 0 512 512\" height=\"1em\" width=\"1em\" xmlns=\"http:\/\/www.w3.org\/2000\/svg\"><path d=\"M256 8C119 8 8 119 8 256s111 248 248 248 248-111 248-248S393 8 256 8z\"><\/path><\/svg><\/div><div class=\"ctl-6 timeline-block-detail\"><div class=\"story-details\"><div class=\"story-content\">\n\n<h3 class=\"wp-block-heading ctlb-block-title\" style=\"padding-top:0px;padding-right:0px;padding-bottom:0px;padding-left:0px\">Anf\u00e4nge<\/h3>\n\n\n<p class=\"ctlb-block-desc\" style=\"padding-top:0px;padding-right:0px;padding-bottom:0px;padding-left:0px\">Nach der Gr\u00fcndung nahmen die Freiwilligen Wehrm\u00e4nner im Fr\u00fchjahr 1953 ihre T\u00e4tigkeit auf.<br>Hier galt es erste einmal die vernachl\u00e4ssigten L\u00f6schger\u00e4te aus der Pflichtwehrzeit wieder auf einen gebrauchsf\u00e4higen Zustand zu bringen.<\/p>\n\n<\/div><\/div><\/div><\/div><\/div><\/div>\n\n\n\n<div class=\"wp-block-cp-timeline-content-timeline-block-child swiper-slide\"><div class=\"timeline-content icon-false \"><div class=\"timeline-block-timeline ctl-row  position-left\"><div class=\"ctl-6 timeline-block-time\"><div class=\"story-time\"><p>1953<\/p><\/div><\/div><div class=\"timeline-block-icon\"><svg fill=\"currentColor\" viewBox=\"0 0 512 512\" height=\"1em\" width=\"1em\" xmlns=\"http:\/\/www.w3.org\/2000\/svg\"><path d=\"M256 8C119 8 8 119 8 256s111 248 248 248 248-111 248-248S393 8 256 8z\"><\/path><\/svg><\/div><div class=\"ctl-6 timeline-block-detail\"><div class=\"story-details\"><div class=\"story-content\">\n\n<h3 class=\"wp-block-heading ctlb-block-title\" style=\"padding-top:0px;padding-right:0px;padding-bottom:0px;padding-left:0px\">Im Notfall ger\u00fcstet<\/h3>\n\n\n<p class=\"has-text-align-right ctlb-block-desc\" style=\"padding-top:0px;padding-right:0px;padding-bottom:0px;padding-left:0px\">Das praktische K\u00f6nnen der jungen Wehr wurde durch ein geregeltes \u00dcbungsprogramm gepaart mit etlichen Unterrichtsstunden immer weiter gesteigert.<br>Mehrere Wehrm\u00e4nner absolvierten auch Ausbildungen an der Landesfeuerwehrschule in Koblenz.<br>So stieg die junge Mannschaft bald zu einer schlagkr\u00e4ftigen Truppe empor, die der Bev\u00f6lkerung die Gewissheit gab, im Notfall eine gut ausgebildete Wehr zur Seite zu haben.<\/p>\n\n<\/div><\/div><\/div><\/div><\/div><\/div>\n\n\n\n<div class=\"wp-block-cp-timeline-content-timeline-block-child swiper-slide\"><div class=\"timeline-content icon-false \"><div class=\"timeline-block-timeline ctl-row  position-right\"><div class=\"ctl-6 timeline-block-time\"><div class=\"story-time\"><p>22.11.1955<\/p><\/div><\/div><div class=\"timeline-block-icon\"><svg fill=\"currentColor\" viewBox=\"0 0 512 512\" height=\"1em\" width=\"1em\" xmlns=\"http:\/\/www.w3.org\/2000\/svg\"><path d=\"M256 8C119 8 8 119 8 256s111 248 248 248 248-111 248-248S393 8 256 8z\"><\/path><\/svg><\/div><div class=\"ctl-6 timeline-block-detail\"><div class=\"story-details\"><div class=\"story-content\">\n\n<h3 class=\"wp-block-heading ctlb-block-title\" style=\"padding-top:0px;padding-right:0px;padding-bottom:0px;padding-left:0px\">Neue Ausr\u00fcstung<\/h3>\n\n\n<p class=\"ctlb-block-desc\" style=\"padding-top:0px;padding-right:0px;padding-bottom:0px;padding-left:0px\">An diesem Tag konnte die alte Tragkraftspritze (TS) au\u00dfer Dienst gestellt werden. F\u00fcr sie wurde eine neue TS-8 mit Anh\u00e4nger in Betrieb genommen.<\/p>\n\n\n<p>Bald erwies sich jedoch, dass die Schlagkraft der Einsatzmannschaft stark beeintr\u00e4chtigt war. Bei alarmierung mussten die Wehrm\u00e4nner n\u00e4mlich zuerst eine Zugmaschine besorgen oder den H\u00e4nger selbst zum Einsatzort schieben.<\/p>\n\n\n<p class=\"ctlb-block-desc\" style=\"padding-top:0px;padding-right:0px;padding-bottom:0px;padding-left:0px\">So reifte der Gedanke ein L\u00f6schfahrzeug in Betrieb zu stellen.<\/p>\n\n<\/div><\/div><\/div><\/div><\/div><\/div>\n\n\n\n<div class=\"wp-block-cp-timeline-content-timeline-block-child swiper-slide\"><div class=\"timeline-content icon-false \"><div class=\"timeline-block-timeline ctl-row  position-left\"><div class=\"ctl-6 timeline-block-time\"><div class=\"story-time\"><p>23.06.1960<\/p><\/div><\/div><div class=\"timeline-block-icon\"><svg fill=\"currentColor\" viewBox=\"0 0 512 512\" height=\"1em\" width=\"1em\" xmlns=\"http:\/\/www.w3.org\/2000\/svg\"><path d=\"M256 8C119 8 8 119 8 256s111 248 248 248 248-111 248-248S393 8 256 8z\"><\/path><\/svg><\/div><div class=\"ctl-6 timeline-block-detail\"><div class=\"story-details\"><div class=\"story-content\">\n\n<h3 class=\"wp-block-heading ctlb-block-title\" style=\"padding-top:0px;padding-right:0px;padding-bottom:0px;padding-left:0px\">Das erste L\u00f6schfahrzeug<\/h3>\n\n\n<p class=\"has-text-align-right ctlb-block-desc\" style=\"padding-top:0px;padding-right:0px;padding-bottom:0px;padding-left:0px\">5 Jahre dauerte es aber die Wehr erhielt endlich ein Tankl\u00f6schfahrzeug mit 2 Hochdruck-Schnellangriffsrohren.<\/p>\n\n\n<p class=\"has-text-align-right ctlb-block-desc\" style=\"padding-top:0px;padding-right:0px;padding-bottom:0px;padding-left:0px\">Jetzt konnten die Mannschaft \u00e4u\u00dferst rasch und gezielt eingreifen, wenn es n\u00f6tig war.<\/p>\n\n<\/div><\/div><\/div><\/div><\/div><\/div>\n\n\n\n<div class=\"wp-block-cp-timeline-content-timeline-block-child swiper-slide\"><div class=\"timeline-content icon-false \"><div class=\"timeline-block-timeline ctl-row  position-right\"><div class=\"ctl-6 timeline-block-time\"><div class=\"story-time\"><p>21.06.1963<\/p><\/div><\/div><div class=\"timeline-block-icon\"><svg fill=\"currentColor\" viewBox=\"0 0 512 512\" height=\"1em\" width=\"1em\" xmlns=\"http:\/\/www.w3.org\/2000\/svg\"><path d=\"M256 8C119 8 8 119 8 256s111 248 248 248 248-111 248-248S393 8 256 8z\"><\/path><\/svg><\/div><div class=\"ctl-6 timeline-block-detail\"><div class=\"story-details\"><div class=\"story-content\">\n\n<h3 class=\"wp-block-heading ctlb-block-title\" style=\"padding-top:0px;padding-right:0px;padding-bottom:0px;padding-left:0px\">Der kleine Bruder<\/h3>\n\n\n<p class=\"ctlb-block-desc\" style=\"padding-top:0px;padding-right:0px;padding-bottom:0px;padding-left:0px\">Im Juni 1963 wurde dann noch ein Kleinl\u00f6schfahrzeug angeschafft.<\/p>\n\n<\/div><\/div><\/div><\/div><\/div><\/div>\n\n\n\n<div class=\"wp-block-cp-timeline-content-timeline-block-child swiper-slide\"><div class=\"timeline-content icon-false \"><div class=\"timeline-block-timeline ctl-row  position-left\"><div class=\"ctl-6 timeline-block-time\"><\/div><div class=\"timeline-block-icon\"><svg fill=\"currentColor\" viewBox=\"0 0 512 512\" height=\"1em\" width=\"1em\" xmlns=\"http:\/\/www.w3.org\/2000\/svg\"><path d=\"M256 8C119 8 8 119 8 256s111 248 248 248 248-111 248-248S393 8 256 8z\"><\/path><\/svg><\/div><div class=\"ctl-6 timeline-block-detail\"><div class=\"story-details\"><div class=\"story-content\">\n\n<h3 class=\"wp-block-heading ctlb-block-title\" style=\"padding-top:0px;padding-right:0px;padding-bottom:0px;padding-left:0px\">Es wird Eng!<\/h3>\n\n\n<p class=\"has-text-align-right ctlb-block-desc\" style=\"padding-top:0px;padding-right:0px;padding-bottom:0px;padding-left:0px\">Mit der wachsenden Anzahl an Fahrzeugen und Anforderungen wurde es nicht nur Eng im alten Ger\u00e4tehaus, sondern es war den Anforderungen einfach nicht mehr gewachsen und die Rufe nach einem neuen Ger\u00e4tehaus wurden lauter.<\/p>\n\n\n<p class=\"has-text-align-right ctlb-block-desc\" style=\"padding-top:0px;padding-right:0px;padding-bottom:0px;padding-left:0px\">Als der Gemeinderat dieser hemmende Zustand auch erkannt waren die Weichen f\u00fcr einen Neubau gestellt.<\/p>\n\n<\/div><\/div><\/div><\/div><\/div><\/div>\n\n\n\n<div class=\"wp-block-cp-timeline-content-timeline-block-child swiper-slide\"><div class=\"timeline-content icon-false \"><div class=\"timeline-block-timeline ctl-row  position-right\"><div class=\"ctl-6 timeline-block-time\"><div class=\"story-time\"><p>04.05.1973<\/p><\/div><\/div><div class=\"timeline-block-icon\"><svg fill=\"currentColor\" viewBox=\"0 0 512 512\" height=\"1em\" width=\"1em\" xmlns=\"http:\/\/www.w3.org\/2000\/svg\"><path d=\"M256 8C119 8 8 119 8 256s111 248 248 248 248-111 248-248S393 8 256 8z\"><\/path><\/svg><\/div><div class=\"ctl-6 timeline-block-detail\"><div class=\"story-details\"><div class=\"story-content\">\n\n<h3 class=\"wp-block-heading ctlb-block-title\" style=\"padding-top:0px;padding-right:0px;padding-bottom:0px;padding-left:0px\">\u00dcbergabe neues Feuerwehrhaus<\/h3>\n\n\n<p class=\"ctlb-block-desc\" style=\"padding-top:0px;padding-right:0px;padding-bottom:0px;padding-left:0px\">Es verstrich einige Zeit aber schlussendlich konnten am 04.05.1973 der Neubau \u00fcbergeben werden.<\/p>\n\n<\/div><\/div><\/div><\/div><\/div><\/div>\n\n\n\n<div class=\"wp-block-cp-timeline-content-timeline-block-child swiper-slide\"><div class=\"timeline-content icon-false \"><div class=\"timeline-block-timeline ctl-row  position-left\"><div class=\"ctl-6 timeline-block-time\"><div class=\"story-time\"><p>16.06.1973<\/p><\/div><\/div><div class=\"timeline-block-icon\"><svg fill=\"currentColor\" viewBox=\"0 0 512 512\" height=\"1em\" width=\"1em\" xmlns=\"http:\/\/www.w3.org\/2000\/svg\"><path d=\"M256 8C119 8 8 119 8 256s111 248 248 248 248-111 248-248S393 8 256 8z\"><\/path><\/svg><\/div><div class=\"ctl-6 timeline-block-detail\"><div class=\"story-details\"><div class=\"story-content\">\n\n<h3 class=\"wp-block-heading ctlb-block-title\" style=\"padding-top:0px;padding-right:0px;padding-bottom:0px;padding-left:0px\">Nachwuchs?<\/h3>\n\n\n<p class=\"has-text-align-right ctlb-block-desc\" style=\"padding-top:0px;padding-right:0px;padding-bottom:0px;padding-left:0px\">Nachwuchs!<br>Am 16.06.1973 wurde die Jugendfeuerwehr zur Nachwuchssicherung gegr\u00fcndet.<\/p>\n\n<\/div><\/div><\/div><\/div><\/div><\/div>\n\n\n\n<div class=\"wp-block-cp-timeline-content-timeline-block-child swiper-slide\"><div class=\"timeline-content icon-false \"><div class=\"timeline-block-timeline ctl-row  position-right\"><div class=\"ctl-6 timeline-block-time\"><\/div><div class=\"timeline-block-icon\"><svg fill=\"currentColor\" viewBox=\"0 0 512 512\" height=\"1em\" width=\"1em\" xmlns=\"http:\/\/www.w3.org\/2000\/svg\"><path d=\"M256 8C119 8 8 119 8 256s111 248 248 248 248-111 248-248S393 8 256 8z\"><\/path><\/svg><\/div><div class=\"ctl-6 timeline-block-detail\"><div class=\"story-details\"><div class=\"story-content\">\n\n<h3 class=\"wp-block-heading ctlb-block-title\" style=\"padding-top:0px;padding-right:0px;padding-bottom:0px;padding-left:0px\"><strong>Ich glaub hier ziehts..<\/strong><\/h3>\n\n\n<p class=\"ctlb-block-desc\" style=\"padding-top:0px;padding-right:0px;padding-bottom:0px;padding-left:0px\">Schwerwiegende Bausch\u00e4den (Risse an Dach und W\u00e4nde) zwangen die Verwaltung \u00fcber eine Renovierung des Ger\u00e4tehauses oder einen Neubau nachzudenken.<\/p>\n\n<\/div><\/div><\/div><\/div><\/div><\/div>\n\n\n\n<div class=\"wp-block-cp-timeline-content-timeline-block-child swiper-slide\"><div class=\"timeline-content icon-false \"><div class=\"timeline-block-timeline ctl-row  position-left\"><div class=\"ctl-6 timeline-block-time\"><div class=\"story-time\"><p>November 1992<\/p><\/div><\/div><div class=\"timeline-block-icon\"><svg fill=\"currentColor\" viewBox=\"0 0 512 512\" height=\"1em\" width=\"1em\" xmlns=\"http:\/\/www.w3.org\/2000\/svg\"><path d=\"M256 8C119 8 8 119 8 256s111 248 248 248 248-111 248-248S393 8 256 8z\"><\/path><\/svg><\/div><div class=\"ctl-6 timeline-block-detail\"><div class=\"story-details\"><div class=\"story-content\">\n\n<figure class=\"wp-block-image size-full ctlb-block-image\"><img loading=\"lazy\" decoding=\"async\" width=\"381\" height=\"247\" src=\"https:\/\/dev.feuerwehrwoerth.de\/wp-content\/uploads\/2025\/10\/haus12.jpg\" alt=\"\" class=\"wp-image-7803\" style=\"aspect-ratio:4\/3;object-fit:cover\" srcset=\"https:\/\/dev.feuerwehrwoerth.de\/wp-content\/uploads\/2025\/10\/haus12.jpg 381w, https:\/\/dev.feuerwehrwoerth.de\/wp-content\/uploads\/2025\/10\/haus12-300x194.jpg 300w\" sizes=\"auto, (max-width: 381px) 100vw, 381px\" \/><\/figure>\n\n\n<h3 class=\"wp-block-heading ctlb-block-title\" style=\"padding-top:0px;padding-right:0px;padding-bottom:0px;padding-left:0px\">Ger\u00e4tehaus 2.0 <\/h3>\n\n\n<p class=\"has-text-align-right ctlb-block-desc\" style=\"padding-top:0px;padding-right:0px;padding-bottom:0px;padding-left:0px\">Nach zweij\u00e4hriger Bauzeit konnte die Wehr nun in ein Ger\u00e4tehaus einziehen, dass alle M\u00f6glichkeiten im vorbeugenden und abwehrenden Brandschutz besa\u00df.<\/p>\n\n\n<p class=\"has-text-align-right\">Dies gab der gesammten Wehr wieder Kraft alles zu tun um Gefahren abzuwenden !<\/p>\n\n\n<p class=\"has-text-align-right ctlb-block-desc\" style=\"padding-top:0px;padding-right:0px;padding-bottom:0px;padding-left:0px\">Indem wir bis heute unseren Dienst verrichten.<br><\/p>\n\n\n<p class=\"has-text-align-center ctlb-block-desc\" style=\"padding-top:0px;padding-right:0px;padding-bottom:0px;padding-left:0px\">Noch mehr Bilder und Informationen finden sie   <a href=\"https:\/\/dev.feuerwehrwoerth.de\/index.php\/ueber-uns\/maximiliansau\/geraetehaus-maximiliansau\/\" data-type=\"page\" data-id=\"7685\">&gt;&gt; HIER &lt;&lt;<\/a><\/p>\n\n<\/div><\/div><\/div><\/div><\/div><\/div>\n<\/div><\/div><\/div><\/div>\n","protected":false},"excerpt":{"rendered":"","protected":false},"author":6,"featured_media":0,"parent":7584,"menu_order":0,"comment_status":"closed","ping_status":"closed","template":"","meta":{"advgb_blocks_editor_width":"","advgb_blocks_columns_visual_guide":"","ngg_post_thumbnail":0,"footnotes":""},"class_list":["post-7772","page","type-page","status-publish","hentry"],"coauthors":[],"author_meta":{"author_link":"https:\/\/dev.feuerwehrwoerth.de\/index.php\/author\/woerth200\/","display_name":"Einheit Maximiliansau"},"relative_dates":{"created":"Posted 8\u00a0Monaten ago","modified":"Updated 2\u00a0Monaten ago"},"absolute_dates":{"created":"Posted on 16. September 2025","modified":"Updated on 26. M\u00e4rz 2026"},"absolute_dates_time":{"created":"Posted on 16. September 2025 9:34","modified":"Updated on 26. M\u00e4rz 2026 19:02"},"featured_img_caption":"","featured_img":false,"series_order":"","_links":{"self":[{"href":"https:\/\/dev.feuerwehrwoerth.de\/index.php\/wp-json\/wp\/v2\/pages\/7772","targetHints":{"allow":["GET"]}}],"collection":[{"href":"https:\/\/dev.feuerwehrwoerth.de\/index.php\/wp-json\/wp\/v2\/pages"}],"about":[{"href":"https:\/\/dev.feuerwehrwoerth.de\/index.php\/wp-json\/wp\/v2\/types\/page"}],"author":[{"embeddable":true,"href":"https:\/\/dev.feuerwehrwoerth.de\/index.php\/wp-json\/wp\/v2\/users\/6"}],"replies":[{"embeddable":true,"href":"https:\/\/dev.feuerwehrwoerth.de\/index.php\/wp-json\/wp\/v2\/comments?post=7772"}],"version-history":[{"count":15,"href":"https:\/\/dev.feuerwehrwoerth.de\/index.php\/wp-json\/wp\/v2\/pages\/7772\/revisions"}],"predecessor-version":[{"id":8010,"href":"https:\/\/dev.feuerwehrwoerth.de\/index.php\/wp-json\/wp\/v2\/pages\/7772\/revisions\/8010"}],"up":[{"embeddable":true,"href":"https:\/\/dev.feuerwehrwoerth.de\/index.php\/wp-json\/wp\/v2\/pages\/7584"}],"wp:attachment":[{"href":"https:\/\/dev.feuerwehrwoerth.de\/index.php\/wp-json\/wp\/v2\/media?parent=7772"}],"curies":[{"name":"wp","href":"https:\/\/api.w.org\/{rel}","templated":true}]}}