{"id":78,"date":"2020-01-26T23:35:55","date_gmt":"2020-01-26T22:35:55","guid":{"rendered":"https:\/\/fwprod.chris90.de\/?page_id=78"},"modified":"2025-01-04T11:23:58","modified_gmt":"2025-01-04T10:23:58","slug":"einsaetze","status":"publish","type":"page","link":"https:\/\/dev.feuerwehrwoerth.de\/index.php\/einsaetze\/","title":{"rendered":"Eins\u00e4tze"},"content":{"rendered":"\n<p>Wir haben 2025 bisher <strong>110<\/strong> Eins\u00e4tze abgearbeitet, <strong>9 <\/strong>davon waren Fehlalarme. Von allen Eins\u00e4tzen 2025 waren <strong>56<\/strong> Brandeins\u00e4tze, <strong>36<\/strong> Technische Hilfeleistung, <strong>4<\/strong> Gefahrstoffeins\u00e4tze und <strong>14<\/strong> allgemeine Dienstleistungen.<\/p>\n\n\n\n<span>F\u00fcr den gew\u00e4hlten Zeitraum stehen keine Einsatzberichte zur Verf\u00fcgung.<\/span>\n","protected":false},"excerpt":{"rendered":"<p>Wir haben 2025 bisher Eins\u00e4tze abgearbeitet, davon waren Fehlalarme. Von allen Eins\u00e4tzen 2025 waren Brandeins\u00e4tze, Technische Hilfeleistung, Gefahrstoffeins\u00e4tze und allgemeine Dienstleistungen.<\/p>\n","protected":false},"author":2,"featured_media":0,"parent":0,"menu_order":0,"comment_status":"closed","ping_status":"closed","template":"","meta":{"advgb_blocks_editor_width":"","advgb_blocks_columns_visual_guide":"","ngg_post_thumbnail":0,"footnotes":""},"class_list":["post-78","page","type-page","status-publish","hentry"],"coauthors":[],"author_meta":{"author_link":"https:\/\/dev.feuerwehrwoerth.de\/index.php\/author\/tobias\/","display_name":"Tobias"},"relative_dates":{"created":"Posted 6\u00a0Jahren ago","modified":"Updated 1\u00a0Jahr ago"},"absolute_dates":{"created":"Posted on 26. Januar 2020","modified":"Updated on 4. Januar 2025"},"absolute_dates_time":{"created":"Posted on 26. Januar 2020 23:35","modified":"Updated on 4. Januar 2025 11:23"},"featured_img_caption":"","featured_img":false,"series_order":"","_links":{"self":[{"href":"https:\/\/dev.feuerwehrwoerth.de\/index.php\/wp-json\/wp\/v2\/pages\/78","targetHints":{"allow":["GET"]}}],"collection":[{"href":"https:\/\/dev.feuerwehrwoerth.de\/index.php\/wp-json\/wp\/v2\/pages"}],"about":[{"href":"https:\/\/dev.feuerwehrwoerth.de\/index.php\/wp-json\/wp\/v2\/types\/page"}],"author":[{"embeddable":true,"href":"https:\/\/dev.feuerwehrwoerth.de\/index.php\/wp-json\/wp\/v2\/users\/2"}],"replies":[{"embeddable":true,"href":"https:\/\/dev.feuerwehrwoerth.de\/index.php\/wp-json\/wp\/v2\/comments?post=78"}],"version-history":[{"count":16,"href":"https:\/\/dev.feuerwehrwoerth.de\/index.php\/wp-json\/wp\/v2\/pages\/78\/revisions"}],"predecessor-version":[{"id":6491,"href":"https:\/\/dev.feuerwehrwoerth.de\/index.php\/wp-json\/wp\/v2\/pages\/78\/revisions\/6491"}],"wp:attachment":[{"href":"https:\/\/dev.feuerwehrwoerth.de\/index.php\/wp-json\/wp\/v2\/media?parent=78"}],"curies":[{"name":"wp","href":"https:\/\/api.w.org\/{rel}","templated":true}]}}